{"id":270,"date":"2020-05-07T11:34:08","date_gmt":"2020-05-07T09:34:08","guid":{"rendered":"https:\/\/machine-a-lire.blog.ac-lyon.fr\/wordpress\/?page_id=270"},"modified":"2020-05-15T20:03:38","modified_gmt":"2020-05-15T18:03:38","slug":"bienvenue","status":"publish","type":"page","link":"https:\/\/machine-a-lire.blog.ac-lyon.fr\/wordpress\/","title":{"rendered":"La machine \u00e0 lire plurilingue"},"content":{"rendered":"\n<p><em>Votre enfant a la possibilit\u00e9 d&rsquo;entendre et de lire des textes ; il pourra s&rsquo;enregistrer. Des consignes lui sont donn\u00e9es et elles ont \u00e9t\u00e9 traduites : ainsi vous pourrez l&rsquo;aider.<br>Des questions portant sur les textes ont aussi \u00e9t\u00e9 traduites. Vous pourrez ainsi \u00e9changer avec votre enfant en utilisant la langue dans laquelle vous \u00eates le plus \u00e0 l&rsquo;aise. Ces \u00e9changes aideront votre enfant \u00e0 trouver les r\u00e9ponses et \u00e0 comprendre le texte. Vous pourrez aussi utiliser les questions pour parler d&rsquo;autres sujets, en lien avec les textes. Par exemple, le texte sur le koala pourra \u00eatre l&rsquo;occasion d&rsquo;\u00e9changer avec votre enfant sur les animaux, sur ceux qu&rsquo;il aime, ceux qu&rsquo;il a d\u00e9j\u00e0 observ\u00e9s, ce qu&rsquo;ils mangent, leur habitat, etc.<\/em><\/p>\n\n\n\n<div style=\"width: 100%;\"><div style=\"position: relative; padding-bottom: 181.99%; padding-top: 0; height: 0;\"><iframe loading=\"lazy\" style=\"position: absolute; top: 0; left: 0; width: 100%; height: 80%;\" src=\"https:\/\/view.genial.ly\/5eb3d0da8058270d1d195301\" type=\"text\/html\" allowscriptaccess=\"no\" allowfullscreen=\"false\" scrolling=\"yes\" allownetworking=\"all\" width=\"1055px\" height=\"1920px\" frameborder=\"0\"><\/iframe> <\/div> <\/div>\n\n\n\n<div class=\"wp-block-advgb-accordions advgb-accordion-wrapper\" data-collapsed=\"true\">\n<div class=\"wp-block-advgb-accordion-item advgb-accordion-item\" style=\"margin-bottom:15px\"><div class=\"advgb-accordion-header\" style=\"background-color:#2196f3;color:#eee;border-style:solid;border-radius:2px\"><span class=\"advgb-accordion-header-icon\"><svg fill=\"#fff\" xmlns=\"http:\/\/www.w3.org\/2000\/svg\" width=\"24\" height=\"24\" viewbox=\"0 0 24 24\"><path fill=\"none\" d=\"M0,0h24v24H0V0z\"><\/path><path d=\"M12,2C6.48,2,2,6.48,2,12s4.48,10,10,10s10-4.48,10-10S17.52,2,12,2z M17,13h-4v4h-2v-4H7v-2h4V7h2v4h4V13z\"><\/path><\/svg><\/span><h4 class=\"advgb-accordion-header-title\" style=\"color:inherit\">Utilisation de LA\u00a0Machine A Lire 1<\/h4><\/div><div class=\"advgb-accordion-body\" style=\"border-style:solid !important;border-color:undefined !important;border-top:none !important;border-radius:2px !important\">\n<p>La machine \u00e0 lire va permettre \u00e0 votre enfant de travailler la lecture \u00e0 haute voix seul ou avec vous.<br>Afin de lire oralement correctement, il est essentiel d\u2019avoir compris le texte \u00e9cout\u00e9. Pour cela, vous pouvez \u00e9couter l&rsquo;histoire avec votre enfant et lui poser des questions pour savoir ce qu\u2019il a compris, au besoin lui expliquer ce qui s\u2019est pass\u00e9 dans ce qu\u2019il vient d\u2019\u00e9couter.<\/p>\n\n\n\n<h2 class=\"wp-block-heading\">Plusieurs \u00e9tapes<\/h2>\n\n\n\n<h3 class=\"wp-block-heading\">Etape 1<\/h3>\n\n\n\n<p>A l\u2019ouverture de l\u2019application, plusieurs histoires sont propos\u00e9es. Il suffit de cliquer sur l\u2019histoire choisie.<\/p>\n\n\n\n<figure class=\"wp-block-image size-large\"><img loading=\"lazy\" decoding=\"async\" width=\"1024\" height=\"640\" src=\"https:\/\/machine-a-lire.blog.ac-lyon.fr\/wordpress\/wp-content\/uploads\/2020\/05\/image-1024x640.jpg\" alt=\"\" class=\"wp-image-289\" srcset=\"https:\/\/machine-a-lire.blog.ac-lyon.fr\/wordpress\/wp-content\/uploads\/2020\/05\/image-1024x640.jpg 1024w, https:\/\/machine-a-lire.blog.ac-lyon.fr\/wordpress\/wp-content\/uploads\/2020\/05\/image-300x188.jpg 300w, https:\/\/machine-a-lire.blog.ac-lyon.fr\/wordpress\/wp-content\/uploads\/2020\/05\/image.jpg 1200w\" sizes=\"auto, (max-width: 1024px) 100vw, 1024px\" \/><\/figure>\n\n\n\n<h3 class=\"wp-block-heading\">Etape 2<\/h3>\n\n\n\n<p>Il est demand\u00e9 de choisir le niveau de difficult\u00e9 du travail \u00e0 effectuer. Le niveau 1 est le plus facile, le 3 le plus difficile. (Il sera possible de changer de niveau \u00e0 tout moment par la suite).<br>Ensuite, appuyer sur la fl\u00e8che pour continuer.<\/p>\n\n\n\n<figure class=\"wp-block-image size-large\"><img loading=\"lazy\" decoding=\"async\" width=\"1024\" height=\"621\" src=\"https:\/\/machine-a-lire.blog.ac-lyon.fr\/wordpress\/wp-content\/uploads\/2020\/05\/image-1-1024x621.jpg\" alt=\"\" class=\"wp-image-290\" srcset=\"https:\/\/machine-a-lire.blog.ac-lyon.fr\/wordpress\/wp-content\/uploads\/2020\/05\/image-1-1024x621.jpg 1024w, https:\/\/machine-a-lire.blog.ac-lyon.fr\/wordpress\/wp-content\/uploads\/2020\/05\/image-1-300x182.jpg 300w, https:\/\/machine-a-lire.blog.ac-lyon.fr\/wordpress\/wp-content\/uploads\/2020\/05\/image-1.jpg 1200w\" sizes=\"auto, (max-width: 1024px) 100vw, 1024px\" \/><\/figure>\n\n\n\n<h3 class=\"wp-block-heading\">Etape 3<\/h3>\n\n\n\n<p>Votre enfant \u00e9coute le d\u00e9but de l\u2019histoire. Aucun texte ne s\u2019affiche, seulement une image, afin de permettre une meilleure concentration sur l\u2019\u00e9coute. C\u2019est \u00e0 ce moment l\u00e0 qu\u2019il peut \u00eatre int\u00e9ressant que vous \u00e9coutiez avec lui et que vous le questionniez sur ce qu\u2019il a compris avant de passer \u00e0 l\u2019\u00e9tape suivante.<\/p>\n\n\n\n<figure class=\"wp-block-image size-large\"><img loading=\"lazy\" decoding=\"async\" width=\"1024\" height=\"622\" src=\"https:\/\/machine-a-lire.blog.ac-lyon.fr\/wordpress\/wp-content\/uploads\/2020\/05\/image-2-1024x622.jpg\" alt=\"\" class=\"wp-image-291\" srcset=\"https:\/\/machine-a-lire.blog.ac-lyon.fr\/wordpress\/wp-content\/uploads\/2020\/05\/image-2-1024x622.jpg 1024w, https:\/\/machine-a-lire.blog.ac-lyon.fr\/wordpress\/wp-content\/uploads\/2020\/05\/image-2-300x182.jpg 300w, https:\/\/machine-a-lire.blog.ac-lyon.fr\/wordpress\/wp-content\/uploads\/2020\/05\/image-2.jpg 1200w\" sizes=\"auto, (max-width: 1024px) 100vw, 1024px\" \/><\/figure>\n\n\n\n<h3 class=\"wp-block-heading\">Etape 4<\/h3>\n\n\n\n<p>On demande de lire la phrase propos\u00e9e et de l\u2019enregistrer (appuyer sur le bouton bleu). Si la phrase est trop difficile ou trop facile, le bouton \u00ab&nbsp;niveau&nbsp;\u00bb permet de changer de niveau de difficult\u00e9.<br>L\u2019enfant peut s\u2019entra\u00eener \u00e0 lire la phrase avant de l\u2019enregistrer ou bien passer directement \u00e0 l\u2019enregistrement.<br>Lorsque la phrase est lue, il faut appuyer sur STOP<\/p>\n\n\n\n<figure class=\"wp-block-gallery columns-3 is-cropped wp-block-gallery-1\"><ul class=\"blocks-gallery-grid\"><li class=\"blocks-gallery-item\"><figure><a href=\"https:\/\/machine-a-lire.blog.ac-lyon.fr\/wordpress\/wp-content\/uploads\/2020\/05\/image.png\"><img loading=\"lazy\" decoding=\"async\" width=\"1024\" height=\"620\" src=\"https:\/\/machine-a-lire.blog.ac-lyon.fr\/wordpress\/wp-content\/uploads\/2020\/05\/image-1024x620.png\" alt=\"\" data-id=\"292\" data-full-url=\"https:\/\/machine-a-lire.blog.ac-lyon.fr\/wordpress\/wp-content\/uploads\/2020\/05\/image.png\" data-link=\"https:\/\/machine-a-lire.blog.ac-lyon.fr\/wordpress\/it\/macchina-da-leggere-1\/image-3\/\" class=\"wp-image-292\" srcset=\"https:\/\/machine-a-lire.blog.ac-lyon.fr\/wordpress\/wp-content\/uploads\/2020\/05\/image-1024x620.png 1024w, https:\/\/machine-a-lire.blog.ac-lyon.fr\/wordpress\/wp-content\/uploads\/2020\/05\/image-300x182.png 300w, https:\/\/machine-a-lire.blog.ac-lyon.fr\/wordpress\/wp-content\/uploads\/2020\/05\/image.png 1200w\" sizes=\"auto, (max-width: 1024px) 100vw, 1024px\" \/><\/a><\/figure><\/li><li class=\"blocks-gallery-item\"><figure><a href=\"https:\/\/machine-a-lire.blog.ac-lyon.fr\/wordpress\/wp-content\/uploads\/2020\/05\/image-2.png\"><img loading=\"lazy\" decoding=\"async\" width=\"1024\" height=\"620\" src=\"https:\/\/machine-a-lire.blog.ac-lyon.fr\/wordpress\/wp-content\/uploads\/2020\/05\/image-2-1024x620.png\" alt=\"\" data-id=\"294\" data-full-url=\"https:\/\/machine-a-lire.blog.ac-lyon.fr\/wordpress\/wp-content\/uploads\/2020\/05\/image-2.png\" data-link=\"https:\/\/machine-a-lire.blog.ac-lyon.fr\/wordpress\/it\/macchina-da-leggere-1\/image-2-2\/\" class=\"wp-image-294\" srcset=\"https:\/\/machine-a-lire.blog.ac-lyon.fr\/wordpress\/wp-content\/uploads\/2020\/05\/image-2-1024x620.png 1024w, https:\/\/machine-a-lire.blog.ac-lyon.fr\/wordpress\/wp-content\/uploads\/2020\/05\/image-2-300x182.png 300w, https:\/\/machine-a-lire.blog.ac-lyon.fr\/wordpress\/wp-content\/uploads\/2020\/05\/image-2.png 1200w\" sizes=\"auto, (max-width: 1024px) 100vw, 1024px\" \/><\/a><\/figure><\/li><li class=\"blocks-gallery-item\"><figure><a href=\"https:\/\/machine-a-lire.blog.ac-lyon.fr\/wordpress\/wp-content\/uploads\/2020\/05\/image-4.png\"><img loading=\"lazy\" decoding=\"async\" width=\"1024\" height=\"621\" src=\"https:\/\/machine-a-lire.blog.ac-lyon.fr\/wordpress\/wp-content\/uploads\/2020\/05\/image-4-1024x621.png\" alt=\"\" data-id=\"295\" data-full-url=\"https:\/\/machine-a-lire.blog.ac-lyon.fr\/wordpress\/wp-content\/uploads\/2020\/05\/image-4.png\" data-link=\"https:\/\/machine-a-lire.blog.ac-lyon.fr\/wordpress\/it\/macchina-da-leggere-1\/image-4\/\" class=\"wp-image-295 is-layout-flex wp-block-gallery-is-layout-flex\" srcset=\"https:\/\/machine-a-lire.blog.ac-lyon.fr\/wordpress\/wp-content\/uploads\/2020\/05\/image-4-1024x621.png 1024w, https:\/\/machine-a-lire.blog.ac-lyon.fr\/wordpress\/wp-content\/uploads\/2020\/05\/image-4-300x182.png 300w, https:\/\/machine-a-lire.blog.ac-lyon.fr\/wordpress\/wp-content\/uploads\/2020\/05\/image-4.png 1200w\" sizes=\"auto, (max-width: 1024px) 100vw, 1024px\" \/><\/a><\/figure><\/li><\/ul><\/figure>\n\n\n\n<h3 class=\"wp-block-heading\">Etape 5<\/h3>\n\n\n\n<p>On propose \u00e0 l\u2019enfant d\u2019\u00e9couter ce qu\u2019il a enregistr\u00e9 (bouton orange).<br>L\u2019enfant peut enregistrer \u00e0 nouveau la phrase (bouton bleu avec le micro)<br>Changer de niveau (bouton vert)<br>Passer \u00e0 l\u2019\u00e9tape suivante (bouton bleu avec la fl\u00e8che blanche)<\/p>\n\n\n\n<figure class=\"wp-block-image size-large\"><img loading=\"lazy\" decoding=\"async\" width=\"1024\" height=\"621\" src=\"https:\/\/machine-a-lire.blog.ac-lyon.fr\/wordpress\/wp-content\/uploads\/2020\/05\/image-5-1024x621.jpg\" alt=\"\" class=\"wp-image-297\" srcset=\"https:\/\/machine-a-lire.blog.ac-lyon.fr\/wordpress\/wp-content\/uploads\/2020\/05\/image-5-1024x621.jpg 1024w, https:\/\/machine-a-lire.blog.ac-lyon.fr\/wordpress\/wp-content\/uploads\/2020\/05\/image-5-300x182.jpg 300w, https:\/\/machine-a-lire.blog.ac-lyon.fr\/wordpress\/wp-content\/uploads\/2020\/05\/image-5.jpg 1200w\" sizes=\"auto, (max-width: 1024px) 100vw, 1024px\" \/><\/figure>\n\n\n\n<h3 class=\"wp-block-heading\">Etapes suivantes<\/h3>\n\n\n\n<p>Reprises des \u00e9tapes 3 \u00e0 5 deux fois puis \u00e9coute de la fin de l\u2019histoire.<\/p>\n\n\n\n<h2 class=\"wp-block-heading\">\u00c9coute et\/ou enregistrement<\/h2>\n\n\n\n<p>On propose \u00e0 l\u2019enfant d\u2019\u00e9couter \u00e0 nouveau l\u2019histoire enti\u00e8re dans laquelle ses enregistrements auront \u00e9t\u00e9 ins\u00e9r\u00e9s. Deux solutions&nbsp;:<\/p>\n\n\n\n<ul class=\"wp-block-list\"><li>l\u2019enfant \u00e9coute son histoire directement. Il appuie sur l\u2019image de l\u2019enfant qui lit. Ensuite il pourra l\u2019enregistrer sur la tablette en appuyant sur le bouton bleu ou sortir de l\u2019application s\u2019il ne veut pas conserver son histoire.<\/li><li>l\u2019enfant enregistre son histoire avant de l\u2019\u00e9couter pour pouvoir la conserver. Il appuie sur la fl\u00e8che.<br>Il devra \u00e9crire son pr\u00e9nom. L\u2019histoire sera alors enregistr\u00e9e sur la tablette. Il la retrouvera sur la page d\u2019accueil de l\u2019application en haut \u00e0 droite dans \u00ab&nbsp;histoires enregistr\u00e9es&nbsp;\u00bb et pourra l\u2019\u00e9couter autant de fois qu\u2019il voudra.<\/li><\/ul>\n\n\n\n<p>Une m\u00eame histoire peut \u00eatre enregistr\u00e9e plusieurs fois avec des niveaux de difficult\u00e9 diff\u00e9rents.<\/p>\n\n\n\n<figure class=\"wp-block-gallery columns-3 is-cropped wp-block-gallery-2\"><ul class=\"blocks-gallery-grid\"><li class=\"blocks-gallery-item\"><figure><a href=\"https:\/\/machine-a-lire.blog.ac-lyon.fr\/wordpress\/wp-content\/uploads\/2020\/05\/image-5.png\"><img loading=\"lazy\" decoding=\"async\" width=\"639\" height=\"479\" src=\"https:\/\/machine-a-lire.blog.ac-lyon.fr\/wordpress\/wp-content\/uploads\/2020\/05\/image-5.png\" alt=\"\" data-id=\"298\" data-full-url=\"https:\/\/machine-a-lire.blog.ac-lyon.fr\/wordpress\/wp-content\/uploads\/2020\/05\/image-5.png\" data-link=\"https:\/\/machine-a-lire.blog.ac-lyon.fr\/wordpress\/it\/macchina-da-leggere-1\/image-5-2\/\" class=\"wp-image-298\" srcset=\"https:\/\/machine-a-lire.blog.ac-lyon.fr\/wordpress\/wp-content\/uploads\/2020\/05\/image-5.png 639w, https:\/\/machine-a-lire.blog.ac-lyon.fr\/wordpress\/wp-content\/uploads\/2020\/05\/image-5-300x225.png 300w\" sizes=\"auto, (max-width: 639px) 100vw, 639px\" \/><\/a><\/figure><\/li><li class=\"blocks-gallery-item\"><figure><a href=\"https:\/\/machine-a-lire.blog.ac-lyon.fr\/wordpress\/wp-content\/uploads\/2020\/05\/image-6.png\"><img loading=\"lazy\" decoding=\"async\" width=\"1024\" height=\"622\" src=\"https:\/\/machine-a-lire.blog.ac-lyon.fr\/wordpress\/wp-content\/uploads\/2020\/05\/image-6-1024x622.png\" alt=\"\" data-id=\"299\" data-full-url=\"https:\/\/machine-a-lire.blog.ac-lyon.fr\/wordpress\/wp-content\/uploads\/2020\/05\/image-6.png\" data-link=\"https:\/\/machine-a-lire.blog.ac-lyon.fr\/wordpress\/it\/macchina-da-leggere-1\/image-6\/\" class=\"wp-image-299\" srcset=\"https:\/\/machine-a-lire.blog.ac-lyon.fr\/wordpress\/wp-content\/uploads\/2020\/05\/image-6-1024x622.png 1024w, https:\/\/machine-a-lire.blog.ac-lyon.fr\/wordpress\/wp-content\/uploads\/2020\/05\/image-6-300x182.png 300w, https:\/\/machine-a-lire.blog.ac-lyon.fr\/wordpress\/wp-content\/uploads\/2020\/05\/image-6.png 1200w\" sizes=\"auto, (max-width: 1024px) 100vw, 1024px\" \/><\/a><\/figure><\/li><li class=\"blocks-gallery-item\"><figure><a href=\"https:\/\/machine-a-lire.blog.ac-lyon.fr\/wordpress\/wp-content\/uploads\/2020\/05\/Notice_derniere_vignette.jpg\"><img loading=\"lazy\" decoding=\"async\" width=\"1024\" height=\"582\" src=\"https:\/\/machine-a-lire.blog.ac-lyon.fr\/wordpress\/wp-content\/uploads\/2020\/05\/Notice_derniere_vignette-1024x582.jpg\" alt=\"\" data-id=\"393\" data-full-url=\"https:\/\/machine-a-lire.blog.ac-lyon.fr\/wordpress\/wp-content\/uploads\/2020\/05\/Notice_derniere_vignette.jpg\" data-link=\"https:\/\/machine-a-lire.blog.ac-lyon.fr\/wordpress\/notice_derniere_vignette\/\" class=\"wp-image-393 is-layout-flex wp-block-gallery-is-layout-flex\" srcset=\"https:\/\/machine-a-lire.blog.ac-lyon.fr\/wordpress\/wp-content\/uploads\/2020\/05\/Notice_derniere_vignette-1024x582.jpg 1024w, https:\/\/machine-a-lire.blog.ac-lyon.fr\/wordpress\/wp-content\/uploads\/2020\/05\/Notice_derniere_vignette-300x171.jpg 300w, https:\/\/machine-a-lire.blog.ac-lyon.fr\/wordpress\/wp-content\/uploads\/2020\/05\/Notice_derniere_vignette.jpg 1200w\" sizes=\"auto, (max-width: 1024px) 100vw, 1024px\" \/><\/a><\/figure><\/li><\/ul><\/figure>\n<\/div><\/div>\n\n\n\n<div class=\"wp-block-advgb-accordion-item advgb-accordion-item accordeon-histoires\" style=\"margin-bottom:15px\"><div class=\"advgb-accordion-header\" style=\"background-color:#2196f3;color:#eee;border-style:solid;border-radius:2px\"><span class=\"advgb-accordion-header-icon\"><svg fill=\"#fff\" xmlns=\"http:\/\/www.w3.org\/2000\/svg\" width=\"24\" height=\"24\" viewbox=\"0 0 24 24\"><path fill=\"none\" d=\"M0,0h24v24H0V0z\"><\/path><path d=\"M12,2C6.48,2,2,6.48,2,12s4.48,10,10,10s10-4.48,10-10S17.52,2,12,2z M17,13h-4v4h-2v-4H7v-2h4V7h2v4h4V13z\"><\/path><\/svg><\/span><h4 class=\"advgb-accordion-header-title\" style=\"color:inherit\">Histoires<\/h4><\/div><div class=\"advgb-accordion-body\" style=\"border-style:solid !important;border-color:undefined !important;border-top:none !important;border-radius:2px !important\"><ul class=\"wp-block-latest-posts__list is-grid columns-3 wp-block-latest-posts\"><li><div class=\"wp-block-latest-posts__featured-image\"><img loading=\"lazy\" decoding=\"async\" width=\"150\" height=\"150\" src=\"https:\/\/machine-a-lire.blog.ac-lyon.fr\/wordpress\/wp-content\/uploads\/2020\/05\/\u00c9pouvantail-voyageur-150x150.jpg\" class=\"attachment-thumbnail size-thumbnail wp-post-image\" alt=\"\" style=\"\" \/><\/div><a class=\"wp-block-latest-posts__post-title\" href=\"https:\/\/machine-a-lire.blog.ac-lyon.fr\/wordpress\/francais\/mal-cp-fr\/01-lepouvantail-voyageur\/\">01. L&rsquo;\u00e9pouvantail voyageur<\/a><\/li>\n<li><div class=\"wp-block-latest-posts__featured-image\"><img loading=\"lazy\" decoding=\"async\" width=\"150\" height=\"150\" src=\"https:\/\/machine-a-lire.blog.ac-lyon.fr\/wordpress\/wp-content\/uploads\/2020\/05\/Reve-vendu-150x150.jpg\" class=\"attachment-thumbnail size-thumbnail wp-post-image\" alt=\"\" style=\"\" \/><\/div><a class=\"wp-block-latest-posts__post-title\" href=\"https:\/\/machine-a-lire.blog.ac-lyon.fr\/wordpress\/francais\/mal-cp-fr\/02-le-reve-vendu\/\">02. Le r\u00eave vendu<\/a><\/li>\n<li><div class=\"wp-block-latest-posts__featured-image\"><img loading=\"lazy\" decoding=\"async\" width=\"150\" height=\"150\" src=\"https:\/\/machine-a-lire.blog.ac-lyon.fr\/wordpress\/wp-content\/uploads\/2020\/05\/Accus\u00e9e-levez-vous-150x150.jpg\" class=\"attachment-thumbnail size-thumbnail wp-post-image\" alt=\"\" style=\"\" \/><\/div><a class=\"wp-block-latest-posts__post-title\" href=\"https:\/\/machine-a-lire.blog.ac-lyon.fr\/wordpress\/francais\/mal-cp-fr\/03-accusee-levez-vous\/\">03. Accus\u00e9e, levez-vous !<\/a><\/li>\n<li><div class=\"wp-block-latest-posts__featured-image\"><img loading=\"lazy\" decoding=\"async\" width=\"150\" height=\"150\" src=\"https:\/\/machine-a-lire.blog.ac-lyon.fr\/wordpress\/wp-content\/uploads\/2020\/05\/Aventures-au-sommet-dun-arbre-150x150.jpg\" class=\"attachment-thumbnail size-thumbnail wp-post-image\" alt=\"\" style=\"\" \/><\/div><a class=\"wp-block-latest-posts__post-title\" href=\"https:\/\/machine-a-lire.blog.ac-lyon.fr\/wordpress\/francais\/mal-cp-fr\/04-aventures-au-sommet-dun-arbre\/\">04. Aventures au sommet d&rsquo;un arbre<\/a><\/li>\n<li><div class=\"wp-block-latest-posts__featured-image\"><img loading=\"lazy\" decoding=\"async\" width=\"150\" height=\"150\" src=\"https:\/\/machine-a-lire.blog.ac-lyon.fr\/wordpress\/wp-content\/uploads\/2020\/05\/Le-koala-150x150.jpg\" class=\"attachment-thumbnail size-thumbnail wp-post-image\" alt=\"\" style=\"\" \/><\/div><a class=\"wp-block-latest-posts__post-title\" href=\"https:\/\/machine-a-lire.blog.ac-lyon.fr\/wordpress\/francais\/mal-cp-fr\/05-le-koala-2\/\">05. Le koala<\/a><\/li>\n<li><div class=\"wp-block-latest-posts__featured-image\"><img loading=\"lazy\" decoding=\"async\" width=\"150\" height=\"150\" src=\"https:\/\/machine-a-lire.blog.ac-lyon.fr\/wordpress\/wp-content\/uploads\/2020\/05\/Le-li\u00e8vre-et-le-Grand-G\u00e9nie-de-la-brousse-1-150x150.jpg\" class=\"attachment-thumbnail size-thumbnail wp-post-image\" alt=\"\" style=\"\" \/><\/div><a class=\"wp-block-latest-posts__post-title\" href=\"https:\/\/machine-a-lire.blog.ac-lyon.fr\/wordpress\/francais\/mal-cp-fr\/06-le-lievre-et-le-grand-genie-de-la-brousse\/\">06. Le li\u00e8vre et le Grand G\u00e9nie de la brousse<\/a><\/li>\n<li><div class=\"wp-block-latest-posts__featured-image\"><img loading=\"lazy\" decoding=\"async\" width=\"150\" height=\"150\" src=\"https:\/\/machine-a-lire.blog.ac-lyon.fr\/wordpress\/wp-content\/uploads\/2020\/05\/Les-singes-et-la-s\u00e9cheresse-150x150.jpg\" class=\"attachment-thumbnail size-thumbnail wp-post-image\" alt=\"\" style=\"\" \/><\/div><a class=\"wp-block-latest-posts__post-title\" href=\"https:\/\/machine-a-lire.blog.ac-lyon.fr\/wordpress\/francais\/mal-cp-fr\/07-les-singes-et-la-secheresse\/\">07. Les singes et la s\u00e9cheresse<\/a><\/li>\n<li><div class=\"wp-block-latest-posts__featured-image\"><img loading=\"lazy\" decoding=\"async\" width=\"150\" height=\"150\" src=\"https:\/\/machine-a-lire.blog.ac-lyon.fr\/wordpress\/wp-content\/uploads\/2020\/05\/Monsieur-Pou-d\u00e9m\u00e9nage-150x150.jpg\" class=\"attachment-thumbnail size-thumbnail wp-post-image\" alt=\"\" style=\"\" \/><\/div><a class=\"wp-block-latest-posts__post-title\" href=\"https:\/\/machine-a-lire.blog.ac-lyon.fr\/wordpress\/francais\/mal-cp-fr\/08-monsieur-pou-demenage\/\">08. Monsieur Pou d\u00e9m\u00e9nage<\/a><\/li>\n<li><div class=\"wp-block-latest-posts__featured-image\"><img loading=\"lazy\" decoding=\"async\" width=\"150\" height=\"150\" src=\"https:\/\/machine-a-lire.blog.ac-lyon.fr\/wordpress\/wp-content\/uploads\/2020\/05\/Pitane-ne-saime-pas-150x150.jpg\" class=\"attachment-thumbnail size-thumbnail wp-post-image\" alt=\"\" style=\"\" \/><\/div><a class=\"wp-block-latest-posts__post-title\" href=\"https:\/\/machine-a-lire.blog.ac-lyon.fr\/wordpress\/francais\/mal-cp-fr\/09-pitane-ne-saime-pas-2\/\">09. Pitane ne s&rsquo;aime pas<\/a><\/li>\n<li><div class=\"wp-block-latest-posts__featured-image\"><img loading=\"lazy\" decoding=\"async\" width=\"150\" height=\"150\" src=\"https:\/\/machine-a-lire.blog.ac-lyon.fr\/wordpress\/wp-content\/uploads\/2020\/05\/La-tour-Eiffel-150x150.jpg\" class=\"attachment-thumbnail size-thumbnail wp-post-image\" alt=\"\" style=\"\" \/><\/div><a class=\"wp-block-latest-posts__post-title\" href=\"https:\/\/machine-a-lire.blog.ac-lyon.fr\/wordpress\/francais\/mal-cp-fr\/10-la-tour-eiffel\/\">10. La tour Eiffel<\/a><\/li>\n<li><div class=\"wp-block-latest-posts__featured-image\"><img loading=\"lazy\" decoding=\"async\" width=\"150\" height=\"150\" src=\"https:\/\/machine-a-lire.blog.ac-lyon.fr\/wordpress\/wp-content\/uploads\/2020\/05\/jardine-en-tamusant-150x150.jpg\" class=\"attachment-thumbnail size-thumbnail wp-post-image\" alt=\"\" style=\"\" \/><\/div><a class=\"wp-block-latest-posts__post-title\" href=\"https:\/\/machine-a-lire.blog.ac-lyon.fr\/wordpress\/francais\/mal-cp-fr\/11-jardine-en-tamusant\/\">11. Jardine en t&rsquo;amusant<\/a><\/li>\n<li><div class=\"wp-block-latest-posts__featured-image\"><img loading=\"lazy\" decoding=\"async\" width=\"150\" height=\"150\" src=\"https:\/\/machine-a-lire.blog.ac-lyon.fr\/wordpress\/wp-content\/uploads\/2020\/05\/Les-escargots-150x150.png\" class=\"attachment-thumbnail size-thumbnail wp-post-image\" alt=\"\" style=\"\" \/><\/div><a class=\"wp-block-latest-posts__post-title\" href=\"https:\/\/machine-a-lire.blog.ac-lyon.fr\/wordpress\/francais\/mal-cp-fr\/12-lescargot\/\">12. L&rsquo;escargot<\/a><\/li>\n<li><div class=\"wp-block-latest-posts__featured-image\"><img loading=\"lazy\" decoding=\"async\" width=\"150\" height=\"150\" src=\"https:\/\/machine-a-lire.blog.ac-lyon.fr\/wordpress\/wp-content\/uploads\/2020\/05\/Les-haricots-verts-de-Tim\u00e9o-150x150.jpg\" class=\"attachment-thumbnail size-thumbnail wp-post-image\" alt=\"\" style=\"\" \/><\/div><a class=\"wp-block-latest-posts__post-title\" href=\"https:\/\/machine-a-lire.blog.ac-lyon.fr\/wordpress\/francais\/mal-cp-fr\/13-les-haricots-verts-de-timeo\/\">13. Les haricots verts de Tim\u00e9o<\/a><\/li>\n<li><div class=\"wp-block-latest-posts__featured-image\"><img loading=\"lazy\" decoding=\"async\" width=\"150\" height=\"150\" src=\"https:\/\/machine-a-lire.blog.ac-lyon.fr\/wordpress\/wp-content\/uploads\/2020\/05\/sara-a-toujours-une-solution-150x150.jpg\" class=\"attachment-thumbnail size-thumbnail wp-post-image\" alt=\"\" style=\"\" \/><\/div><a class=\"wp-block-latest-posts__post-title\" href=\"https:\/\/machine-a-lire.blog.ac-lyon.fr\/wordpress\/francais\/mal-cp-fr\/14-sara-a-toujours-une-solution\/\">14. Sara a toujours une solution<\/a><\/li>\n<\/ul><\/div><\/div>\n<\/div>\n","protected":false},"excerpt":{"rendered":"<p>Votre enfant a la possibilit\u00e9 d&rsquo;entendre et de lire des textes ; il pourra s&rsquo;enregistrer. Des consignes lui sont donn\u00e9es et elles ont \u00e9t\u00e9 traduites : ainsi vous pourrez l&rsquo;aider.Des questions portant sur les textes ont aussi \u00e9t\u00e9 traduites. Vous&#8230; <a class=\"more-link\" href=\"https:\/\/machine-a-lire.blog.ac-lyon.fr\/wordpress\/\">Lire la suite &rarr;<\/a><\/p>\n","protected":false},"author":5,"featured_media":0,"parent":0,"menu_order":0,"comment_status":"closed","ping_status":"closed","template":"","meta":{"advgb_blocks_editor_width":"","advgb_blocks_columns_visual_guide":"","footnotes":""},"class_list":["post-270","page","type-page","status-publish","hentry"],"coauthors":[],"author_meta":{"author_link":"https:\/\/machine-a-lire.blog.ac-lyon.fr\/wordpress\/author\/daneblog\/","display_name":"Webmestre acad\u00e9mique"},"relative_dates":{"created":"Publi\u00e9 6 ans il y a","modified":"Mis \u00e0 jour 6 ans il y a"},"absolute_dates":{"created":"Publi\u00e9 le 7 mai 2020","modified":"Mise \u00e0 jour le 15 mai 2020"},"absolute_dates_time":{"created":"Publi\u00e9 le 7 mai 2020 11 h 34 min","modified":"Mise \u00e0 jour le 15 mai 2020 20 h 03 min"},"featured_img_caption":"","featured_img":false,"series_order":"","_links":{"self":[{"href":"https:\/\/machine-a-lire.blog.ac-lyon.fr\/wordpress\/wp-json\/wp\/v2\/pages\/270","targetHints":{"allow":["GET"]}}],"collection":[{"href":"https:\/\/machine-a-lire.blog.ac-lyon.fr\/wordpress\/wp-json\/wp\/v2\/pages"}],"about":[{"href":"https:\/\/machine-a-lire.blog.ac-lyon.fr\/wordpress\/wp-json\/wp\/v2\/types\/page"}],"author":[{"embeddable":true,"href":"https:\/\/machine-a-lire.blog.ac-lyon.fr\/wordpress\/wp-json\/wp\/v2\/users\/5"}],"replies":[{"embeddable":true,"href":"https:\/\/machine-a-lire.blog.ac-lyon.fr\/wordpress\/wp-json\/wp\/v2\/comments?post=270"}],"version-history":[{"count":15,"href":"https:\/\/machine-a-lire.blog.ac-lyon.fr\/wordpress\/wp-json\/wp\/v2\/pages\/270\/revisions"}],"predecessor-version":[{"id":1041,"href":"https:\/\/machine-a-lire.blog.ac-lyon.fr\/wordpress\/wp-json\/wp\/v2\/pages\/270\/revisions\/1041"}],"wp:attachment":[{"href":"https:\/\/machine-a-lire.blog.ac-lyon.fr\/wordpress\/wp-json\/wp\/v2\/media?parent=270"}],"curies":[{"name":"wp","href":"https:\/\/api.w.org\/{rel}","templated":true}]}}