{"id":272,"date":"2020-05-07T11:36:45","date_gmt":"2020-05-07T09:36:45","guid":{"rendered":"https:\/\/machine-a-lire.blog.ac-lyon.fr\/wordpress\/?page_id=272"},"modified":"2020-05-29T09:55:26","modified_gmt":"2020-05-29T07:55:26","slug":"utilizacion-de-la-maquina-de-leer-1","status":"publish","type":"page","link":"https:\/\/machine-a-lire.blog.ac-lyon.fr\/wordpress\/es\/","title":{"rendered":"M\u00e1quina de Leer 1"},"content":{"rendered":"\n<figure class=\"wp-block-audio\"><audio controls src=\"https:\/\/machine-a-lire.blog.ac-lyon.fr\/wordpress\/wp-content\/uploads\/2020\/05\/Espagnol_MAL.mp3\"><\/audio><\/figure>\n\n\n\n<p><em>Su hijo\/a tiene la posibilidad de escuchar y leer textos ; \u00e9l\/ella podr\u00e1 grabarse. Se le dan consignas y han sido traducidas : as\u00ed usted lo\/la podr\u00e1 ayudar.<\/em><\/p>\n\n\n\n<p><em>Unas preguntas que tienen que ver con los textos tambi\u00e9n han sido traducidas. De este modo podr\u00e1 hablar con su hijo\/a utilizando el idioma con el cual usted se sienta m\u00e1s c\u00f3modo\/a. Esas conversaciones le ayudar\u00e1n a su hijo\/a a encontrar las respuestas y a comprender el texto. Usted tambi\u00e9n puede utilizar las preguntas para hablar de otros temas relacionados con los textos. Por ejemplo, el texto sobre el koala podr\u00eda ser la ocasi\u00f3n para conversar con su hijo\/a sobre los animales, sobre aquellos que le gustan, aquellos que ya ha observado, lo que comen, d\u00f3nde viven, etc.<\/em><\/p>\n\n\n\n<div class=\"wp-block-advgb-accordions advgb-accordion-wrapper\" data-collapsed=\"true\">\n<div class=\"wp-block-advgb-accordion-item advgb-accordion-item\" style=\"margin-bottom:15px\"><div class=\"advgb-accordion-header\" style=\"background-color:#2196f3;color:#eee;border-style:dotted;border-radius:2px\"><span class=\"advgb-accordion-header-icon\"><svg fill=\"#fff\" xmlns=\"http:\/\/www.w3.org\/2000\/svg\" width=\"24\" height=\"24\" viewbox=\"0 0 24 24\"><path fill=\"none\" d=\"M0,0h24v24H0V0z\"><\/path><path d=\"M12,2C6.48,2,2,6.48,2,12s4.48,10,10,10s10-4.48,10-10S17.52,2,12,2z M17,13h-4v4h-2v-4H7v-2h4V7h2v4h4V13z\"><\/path><\/svg><\/span><h4 class=\"advgb-accordion-header-title\" style=\"color:inherit\">Utilizaci\u00f3n de la M\u00e1quina de Leer 1<\/h4><\/div><div class=\"advgb-accordion-body\" style=\"border-style:dotted !important;border-color:undefined !important;border-top:none !important;border-radius:2px !important\">\n<p>La m\u00e1quina de leer va a permitir que su hijo\/a trabaje la lectura en voz alta, solo o con usted.<br>Para leer en voz alta de manera correcta, es esencial haber comprendido el texto escuchado. Para ello, usted puede escuchar con su hijo\/a y hacerle preguntas para saber lo que \u00e9l\/ella ha comprendido, y si es necesario explicarle lo que ha pasado en lo que acaba de escuchar.<\/p>\n\n\n\n<h2 class=\"wp-block-heading\">Varias etapas<\/h2>\n\n\n\n<h3 class=\"wp-block-heading\">Etapa 1<\/h3>\n\n\n\n<p>Al abrir la aplicaci\u00f3n, hay varios cuentos propuestos. Basta con hacer clic en el cuento elegido.<\/p>\n\n\n\n<figure class=\"wp-block-image size-large\"><img loading=\"lazy\" decoding=\"async\" width=\"1024\" height=\"640\" src=\"https:\/\/machine-a-lire.blog.ac-lyon.fr\/wordpress\/wp-content\/uploads\/2020\/05\/image-1024x640.jpg\" alt=\"\" class=\"wp-image-289\" srcset=\"https:\/\/machine-a-lire.blog.ac-lyon.fr\/wordpress\/wp-content\/uploads\/2020\/05\/image-1024x640.jpg 1024w, https:\/\/machine-a-lire.blog.ac-lyon.fr\/wordpress\/wp-content\/uploads\/2020\/05\/image-300x188.jpg 300w, https:\/\/machine-a-lire.blog.ac-lyon.fr\/wordpress\/wp-content\/uploads\/2020\/05\/image.jpg 1200w\" sizes=\"auto, (max-width: 1024px) 100vw, 1024px\" \/><\/figure>\n\n\n\n<h3 class=\"wp-block-heading\">Etapa 2<\/h3>\n\n\n\n<p>Se debe elegir el nivel de dificultad del trabajo que se va a efectuar. El nivel 1 es el m\u00e1s f\u00e1cil, el 3 es el m\u00e1s dif\u00edcil. (Despu\u00e9s, ser\u00e1 posible cambiar de nivel en cualquier momento).<br>Luego, pinchar con la flecha para continuar.<\/p>\n\n\n\n<figure class=\"wp-block-image size-large\"><img loading=\"lazy\" decoding=\"async\" width=\"1024\" height=\"621\" src=\"https:\/\/machine-a-lire.blog.ac-lyon.fr\/wordpress\/wp-content\/uploads\/2020\/05\/image-1-1024x621.jpg\" alt=\"\" class=\"wp-image-290\" srcset=\"https:\/\/machine-a-lire.blog.ac-lyon.fr\/wordpress\/wp-content\/uploads\/2020\/05\/image-1-1024x621.jpg 1024w, https:\/\/machine-a-lire.blog.ac-lyon.fr\/wordpress\/wp-content\/uploads\/2020\/05\/image-1-300x182.jpg 300w, https:\/\/machine-a-lire.blog.ac-lyon.fr\/wordpress\/wp-content\/uploads\/2020\/05\/image-1.jpg 1200w\" sizes=\"auto, (max-width: 1024px) 100vw, 1024px\" \/><\/figure>\n\n\n\n<h3 class=\"wp-block-heading\">Etapa 3 <\/h3>\n\n\n\n<p>Su hijo\/a escucha el principio del cuento. No se ve ning\u00fan texto, solamente una imagen, para permitir una mejor concentraci\u00f3n en la escucha. Es en ese momento que puede resultar interesante que usted escuche con \u00e9l\/ella y que le haga preguntas sobre lo que ha comprendido antes de pasar a la etapa siguiente.<\/p>\n\n\n\n<figure class=\"wp-block-image size-large\"><img loading=\"lazy\" decoding=\"async\" width=\"1024\" height=\"622\" src=\"https:\/\/machine-a-lire.blog.ac-lyon.fr\/wordpress\/wp-content\/uploads\/2020\/05\/image-2-1024x622.jpg\" alt=\"\" class=\"wp-image-291\" srcset=\"https:\/\/machine-a-lire.blog.ac-lyon.fr\/wordpress\/wp-content\/uploads\/2020\/05\/image-2-1024x622.jpg 1024w, https:\/\/machine-a-lire.blog.ac-lyon.fr\/wordpress\/wp-content\/uploads\/2020\/05\/image-2-300x182.jpg 300w, https:\/\/machine-a-lire.blog.ac-lyon.fr\/wordpress\/wp-content\/uploads\/2020\/05\/image-2.jpg 1200w\" sizes=\"auto, (max-width: 1024px) 100vw, 1024px\" \/><\/figure>\n\n\n\n<h3 class=\"wp-block-heading\">Etapa 4<\/h3>\n\n\n\n<p>Se debe leer la frase propuesta y grabarla (pinchar en el bot\u00f3n azul). Si la frase es muy dif\u00edcil o demasiado f\u00e1cil, el bot\u00f3n \u00ab\u00a0nivel\u00a0\u00bb permite cambiar el nivel de dificultad.<br>El\/la ni\u00f1o\/a se puede entrenar leyendo la frase antes de grabarla o sino pasar directamente a la grabaci\u00f3n.<br>Una vez que la frase ha sido le\u00edda, hay que pinchar en STOP.<\/p>\n\n\n\n<figure class=\"wp-block-gallery columns-3 is-cropped wp-block-gallery-1\"><ul class=\"blocks-gallery-grid\"><li class=\"blocks-gallery-item\"><figure><a href=\"https:\/\/machine-a-lire.blog.ac-lyon.fr\/wordpress\/wp-content\/uploads\/2020\/05\/image.png\"><img loading=\"lazy\" decoding=\"async\" width=\"1024\" height=\"620\" src=\"https:\/\/machine-a-lire.blog.ac-lyon.fr\/wordpress\/wp-content\/uploads\/2020\/05\/image-1024x620.png\" alt=\"\" data-id=\"292\" data-full-url=\"https:\/\/machine-a-lire.blog.ac-lyon.fr\/wordpress\/wp-content\/uploads\/2020\/05\/image.png\" data-link=\"https:\/\/machine-a-lire.blog.ac-lyon.fr\/wordpress\/it\/macchina-da-leggere-1\/image-3\/\" class=\"wp-image-292\" srcset=\"https:\/\/machine-a-lire.blog.ac-lyon.fr\/wordpress\/wp-content\/uploads\/2020\/05\/image-1024x620.png 1024w, https:\/\/machine-a-lire.blog.ac-lyon.fr\/wordpress\/wp-content\/uploads\/2020\/05\/image-300x182.png 300w, https:\/\/machine-a-lire.blog.ac-lyon.fr\/wordpress\/wp-content\/uploads\/2020\/05\/image.png 1200w\" sizes=\"auto, (max-width: 1024px) 100vw, 1024px\" \/><\/a><\/figure><\/li><li class=\"blocks-gallery-item\"><figure><a href=\"https:\/\/machine-a-lire.blog.ac-lyon.fr\/wordpress\/wp-content\/uploads\/2020\/05\/image-2.png\"><img loading=\"lazy\" decoding=\"async\" width=\"1024\" height=\"620\" src=\"https:\/\/machine-a-lire.blog.ac-lyon.fr\/wordpress\/wp-content\/uploads\/2020\/05\/image-2-1024x620.png\" alt=\"\" data-id=\"294\" data-full-url=\"https:\/\/machine-a-lire.blog.ac-lyon.fr\/wordpress\/wp-content\/uploads\/2020\/05\/image-2.png\" data-link=\"https:\/\/machine-a-lire.blog.ac-lyon.fr\/wordpress\/it\/macchina-da-leggere-1\/image-2-2\/\" class=\"wp-image-294\" srcset=\"https:\/\/machine-a-lire.blog.ac-lyon.fr\/wordpress\/wp-content\/uploads\/2020\/05\/image-2-1024x620.png 1024w, https:\/\/machine-a-lire.blog.ac-lyon.fr\/wordpress\/wp-content\/uploads\/2020\/05\/image-2-300x182.png 300w, https:\/\/machine-a-lire.blog.ac-lyon.fr\/wordpress\/wp-content\/uploads\/2020\/05\/image-2.png 1200w\" sizes=\"auto, (max-width: 1024px) 100vw, 1024px\" \/><\/a><\/figure><\/li><li class=\"blocks-gallery-item\"><figure><a href=\"https:\/\/machine-a-lire.blog.ac-lyon.fr\/wordpress\/wp-content\/uploads\/2020\/05\/image-4.png\"><img loading=\"lazy\" decoding=\"async\" width=\"1024\" height=\"621\" src=\"https:\/\/machine-a-lire.blog.ac-lyon.fr\/wordpress\/wp-content\/uploads\/2020\/05\/image-4-1024x621.png\" alt=\"\" data-id=\"295\" data-full-url=\"https:\/\/machine-a-lire.blog.ac-lyon.fr\/wordpress\/wp-content\/uploads\/2020\/05\/image-4.png\" data-link=\"https:\/\/machine-a-lire.blog.ac-lyon.fr\/wordpress\/it\/macchina-da-leggere-1\/image-4\/\" class=\"wp-image-295 is-layout-flex wp-block-gallery-is-layout-flex\" srcset=\"https:\/\/machine-a-lire.blog.ac-lyon.fr\/wordpress\/wp-content\/uploads\/2020\/05\/image-4-1024x621.png 1024w, https:\/\/machine-a-lire.blog.ac-lyon.fr\/wordpress\/wp-content\/uploads\/2020\/05\/image-4-300x182.png 300w, https:\/\/machine-a-lire.blog.ac-lyon.fr\/wordpress\/wp-content\/uploads\/2020\/05\/image-4.png 1200w\" sizes=\"auto, (max-width: 1024px) 100vw, 1024px\" \/><\/a><\/figure><\/li><\/ul><\/figure>\n\n\n\n<h3 class=\"wp-block-heading\">Etapa 5<\/h3>\n\n\n\n<p>Se le propone al\/a la ni\u00f1o\/a escuchar lo que ha grabado (bot\u00f3n naranja).<br>El\/la ni\u00f1o\/a puede grabar de nuevo la frase (bot\u00f3n azul con el micr\u00f3fono).<br>Cambiar de nivel (bot\u00f3n verde).<br>Pasar a la etapa siguiente (bot\u00f3n azul con la flecha blanca).<\/p>\n\n\n\n<figure class=\"wp-block-image size-large\"><img loading=\"lazy\" decoding=\"async\" width=\"1024\" height=\"621\" src=\"https:\/\/machine-a-lire.blog.ac-lyon.fr\/wordpress\/wp-content\/uploads\/2020\/05\/image-5-1024x621.jpg\" alt=\"\" class=\"wp-image-297\" srcset=\"https:\/\/machine-a-lire.blog.ac-lyon.fr\/wordpress\/wp-content\/uploads\/2020\/05\/image-5-1024x621.jpg 1024w, https:\/\/machine-a-lire.blog.ac-lyon.fr\/wordpress\/wp-content\/uploads\/2020\/05\/image-5-300x182.jpg 300w, https:\/\/machine-a-lire.blog.ac-lyon.fr\/wordpress\/wp-content\/uploads\/2020\/05\/image-5.jpg 1200w\" sizes=\"auto, (max-width: 1024px) 100vw, 1024px\" \/><\/figure>\n\n\n\n<h3 class=\"wp-block-heading\">Etapas siguientes<\/h3>\n\n\n\n<p>Retomar las etapas 3 a 5, dos veces, y luego escuchar el final del cuento.<\/p>\n\n\n\n<h2 class=\"wp-block-heading\">Escucha y\/o grabaci\u00f3n<\/h2>\n\n\n\n<p>Se le propone al\/a la ni\u00f1o\/a que escuche de nuevo el cuento entero en el cual han sido insertadas sus grabaciones. Dos soluciones :<\/p>\n\n\n\n<ul class=\"wp-block-list\"><li>el\/la ni\u00f1o\/a escucha su cuento directamente. \u00c9l\/ella pincha en la imagen del\/de la ni\u00f1o\/a que lee. Despu\u00e9s, \u00e9l la podr\u00e1 grabar en la tableta pinchando en el bot\u00f3n azul o salir de la aplicaci\u00f3n si no quiere guardar su cuento.<\/li><li>el\/la ni\u00f1o\/a graba su cuento antes de escucharlo para poderlo conservar. Pincha en la flecha.<br>Tiene que escribir su nombre. El cuento quedar\u00e1 entonces grabado en la tableta. \u00c9l\/ella lo encontrar\u00e1 en la p\u00e1gina inicial de la aplicaci\u00f3n arriba a la derecha en \u00ab\u00a0cuentos grabados\u00a0\u00bb y lo podr\u00e1 escuchar todas las veces que quiera.<\/li><\/ul>\n\n\n\n<p>Un mismo cuento puede ser grabado varias veces con diferentes niveles de dificultad.<\/p>\n\n\n\n<figure class=\"wp-block-gallery columns-3 is-cropped wp-block-gallery-2\"><ul class=\"blocks-gallery-grid\"><li class=\"blocks-gallery-item\"><figure><a href=\"https:\/\/machine-a-lire.blog.ac-lyon.fr\/wordpress\/wp-content\/uploads\/2020\/05\/image-5.png\"><img loading=\"lazy\" decoding=\"async\" width=\"639\" height=\"479\" src=\"https:\/\/machine-a-lire.blog.ac-lyon.fr\/wordpress\/wp-content\/uploads\/2020\/05\/image-5.png\" alt=\"\" data-id=\"298\" data-full-url=\"https:\/\/machine-a-lire.blog.ac-lyon.fr\/wordpress\/wp-content\/uploads\/2020\/05\/image-5.png\" data-link=\"https:\/\/machine-a-lire.blog.ac-lyon.fr\/wordpress\/it\/macchina-da-leggere-1\/image-5-2\/\" class=\"wp-image-298\" srcset=\"https:\/\/machine-a-lire.blog.ac-lyon.fr\/wordpress\/wp-content\/uploads\/2020\/05\/image-5.png 639w, https:\/\/machine-a-lire.blog.ac-lyon.fr\/wordpress\/wp-content\/uploads\/2020\/05\/image-5-300x225.png 300w\" sizes=\"auto, (max-width: 639px) 100vw, 639px\" \/><\/a><\/figure><\/li><li class=\"blocks-gallery-item\"><figure><a href=\"https:\/\/machine-a-lire.blog.ac-lyon.fr\/wordpress\/wp-content\/uploads\/2020\/05\/image-6.png\"><img loading=\"lazy\" decoding=\"async\" width=\"1024\" height=\"622\" src=\"https:\/\/machine-a-lire.blog.ac-lyon.fr\/wordpress\/wp-content\/uploads\/2020\/05\/image-6-1024x622.png\" alt=\"\" data-id=\"299\" data-full-url=\"https:\/\/machine-a-lire.blog.ac-lyon.fr\/wordpress\/wp-content\/uploads\/2020\/05\/image-6.png\" data-link=\"https:\/\/machine-a-lire.blog.ac-lyon.fr\/wordpress\/it\/macchina-da-leggere-1\/image-6\/\" class=\"wp-image-299\" srcset=\"https:\/\/machine-a-lire.blog.ac-lyon.fr\/wordpress\/wp-content\/uploads\/2020\/05\/image-6-1024x622.png 1024w, https:\/\/machine-a-lire.blog.ac-lyon.fr\/wordpress\/wp-content\/uploads\/2020\/05\/image-6-300x182.png 300w, https:\/\/machine-a-lire.blog.ac-lyon.fr\/wordpress\/wp-content\/uploads\/2020\/05\/image-6.png 1200w\" sizes=\"auto, (max-width: 1024px) 100vw, 1024px\" \/><\/a><\/figure><\/li><li class=\"blocks-gallery-item\"><figure><a href=\"https:\/\/machine-a-lire.blog.ac-lyon.fr\/wordpress\/wp-content\/uploads\/2020\/05\/Notice_derniere_vignette.jpg\"><img loading=\"lazy\" decoding=\"async\" width=\"1024\" height=\"582\" src=\"https:\/\/machine-a-lire.blog.ac-lyon.fr\/wordpress\/wp-content\/uploads\/2020\/05\/Notice_derniere_vignette-1024x582.jpg\" alt=\"\" data-id=\"393\" data-full-url=\"https:\/\/machine-a-lire.blog.ac-lyon.fr\/wordpress\/wp-content\/uploads\/2020\/05\/Notice_derniere_vignette.jpg\" data-link=\"https:\/\/machine-a-lire.blog.ac-lyon.fr\/wordpress\/notice_derniere_vignette\/\" class=\"wp-image-393 is-layout-flex wp-block-gallery-is-layout-flex\" srcset=\"https:\/\/machine-a-lire.blog.ac-lyon.fr\/wordpress\/wp-content\/uploads\/2020\/05\/Notice_derniere_vignette-1024x582.jpg 1024w, https:\/\/machine-a-lire.blog.ac-lyon.fr\/wordpress\/wp-content\/uploads\/2020\/05\/Notice_derniere_vignette-300x171.jpg 300w, https:\/\/machine-a-lire.blog.ac-lyon.fr\/wordpress\/wp-content\/uploads\/2020\/05\/Notice_derniere_vignette.jpg 1200w\" sizes=\"auto, (max-width: 1024px) 100vw, 1024px\" \/><\/a><\/figure><\/li><\/ul><\/figure>\n<\/div><\/div>\n\n\n\n<div class=\"wp-block-advgb-accordion-item advgb-accordion-item accordeon-histoires\" style=\"margin-bottom:15px\"><div class=\"advgb-accordion-header\" style=\"background-color:#2196f3;color:#eee;border-style:dotted;border-radius:2px\"><span class=\"advgb-accordion-header-icon\"><svg fill=\"#fff\" xmlns=\"http:\/\/www.w3.org\/2000\/svg\" width=\"24\" height=\"24\" viewbox=\"0 0 24 24\"><path fill=\"none\" d=\"M0,0h24v24H0V0z\"><\/path><path d=\"M12,2C6.48,2,2,6.48,2,12s4.48,10,10,10s10-4.48,10-10S17.52,2,12,2z M17,13h-4v4h-2v-4H7v-2h4V7h2v4h4V13z\"><\/path><\/svg><\/span><h4 class=\"advgb-accordion-header-title\" style=\"color:inherit\">Cuentos<\/h4><\/div><div class=\"advgb-accordion-body\" style=\"border-style:dotted !important;border-color:undefined !important;border-top:none !important;border-radius:2px !important\"><ul class=\"wp-block-latest-posts__list is-grid columns-3 bloc-histoires wp-block-latest-posts\"><li><div class=\"wp-block-latest-posts__featured-image\"><img loading=\"lazy\" decoding=\"async\" width=\"150\" height=\"150\" src=\"https:\/\/machine-a-lire.blog.ac-lyon.fr\/wordpress\/wp-content\/uploads\/2020\/05\/\u00c9pouvantail-voyageur-150x150.jpg\" class=\"attachment-thumbnail size-thumbnail wp-post-image\" alt=\"\" style=\"\" \/><\/div><a class=\"wp-block-latest-posts__post-title\" href=\"https:\/\/machine-a-lire.blog.ac-lyon.fr\/wordpress\/espanol\/01-lepouvantail-voyageur-espanol\/\">01. L&rsquo;\u00e9pouvantail voyageur (espa\u00f1ol)<\/a><div class=\"wp-block-latest-posts__post-excerpt\">El espantap\u00e1jaros viajero<\/div><\/li>\n<li><div class=\"wp-block-latest-posts__featured-image\"><img loading=\"lazy\" decoding=\"async\" width=\"150\" height=\"150\" src=\"https:\/\/machine-a-lire.blog.ac-lyon.fr\/wordpress\/wp-content\/uploads\/2020\/05\/Reve-vendu-150x150.jpg\" class=\"attachment-thumbnail size-thumbnail wp-post-image\" alt=\"\" style=\"\" \/><\/div><a class=\"wp-block-latest-posts__post-title\" href=\"https:\/\/machine-a-lire.blog.ac-lyon.fr\/wordpress\/espanol\/02-le-reve-vendu-espanol\/\">02. Le r\u00eave vendu (espa\u00f1ol)<\/a><div class=\"wp-block-latest-posts__post-excerpt\">El sue\u00f1o vendido<\/div><\/li>\n<li><div class=\"wp-block-latest-posts__featured-image\"><img loading=\"lazy\" decoding=\"async\" width=\"150\" height=\"150\" src=\"https:\/\/machine-a-lire.blog.ac-lyon.fr\/wordpress\/wp-content\/uploads\/2020\/05\/Accus\u00e9e-levez-vous-150x150.jpg\" class=\"attachment-thumbnail size-thumbnail wp-post-image\" alt=\"\" style=\"\" \/><\/div><a class=\"wp-block-latest-posts__post-title\" href=\"https:\/\/machine-a-lire.blog.ac-lyon.fr\/wordpress\/espanol\/03-accusee-levez-vous-espanol\/\">03. Accus\u00e9e, levez-vous ! (espa\u00f1ol)<\/a><div class=\"wp-block-latest-posts__post-excerpt\">Acusada, \u00a1 p\u00f3ngase de pi\u00e9 !<\/div><\/li>\n<li><div class=\"wp-block-latest-posts__featured-image\"><img loading=\"lazy\" decoding=\"async\" width=\"150\" height=\"150\" src=\"https:\/\/machine-a-lire.blog.ac-lyon.fr\/wordpress\/wp-content\/uploads\/2020\/05\/Aventures-au-sommet-dun-arbre-150x150.jpg\" class=\"attachment-thumbnail size-thumbnail wp-post-image\" alt=\"\" style=\"\" \/><\/div><a class=\"wp-block-latest-posts__post-title\" href=\"https:\/\/machine-a-lire.blog.ac-lyon.fr\/wordpress\/espanol\/04-aventures-au-sommet-dun-arbre-espanol\/\">04. Aventures au sommet d&rsquo;un arbre (espa\u00f1ol)<\/a><div class=\"wp-block-latest-posts__post-excerpt\">Aventuras en la cima de un \u00e1rbol<\/div><\/li>\n<li><div class=\"wp-block-latest-posts__featured-image\"><img loading=\"lazy\" decoding=\"async\" width=\"150\" height=\"150\" src=\"https:\/\/machine-a-lire.blog.ac-lyon.fr\/wordpress\/wp-content\/uploads\/2020\/05\/Le-koala-150x150.jpg\" class=\"attachment-thumbnail size-thumbnail wp-post-image\" alt=\"\" style=\"\" \/><\/div><a class=\"wp-block-latest-posts__post-title\" href=\"https:\/\/machine-a-lire.blog.ac-lyon.fr\/wordpress\/espanol\/05-le-koala-espanol\/\">05. Le koala (espa\u00f1ol)<\/a><div class=\"wp-block-latest-posts__post-excerpt\">El koala<\/div><\/li>\n<li><div class=\"wp-block-latest-posts__featured-image\"><img loading=\"lazy\" decoding=\"async\" width=\"150\" height=\"150\" src=\"https:\/\/machine-a-lire.blog.ac-lyon.fr\/wordpress\/wp-content\/uploads\/2020\/05\/Le-li\u00e8vre-et-le-Grand-G\u00e9nie-de-la-brousse-1-150x150.jpg\" class=\"attachment-thumbnail size-thumbnail wp-post-image\" alt=\"\" style=\"\" \/><\/div><a class=\"wp-block-latest-posts__post-title\" href=\"https:\/\/machine-a-lire.blog.ac-lyon.fr\/wordpress\/espanol\/06-le-lievre-et-le-grand-genie-de-la-brousse-espanol\/\">06. Le li\u00e8vre et le Grand G\u00e9nie de la brousse (espa\u00f1ol)<\/a><div class=\"wp-block-latest-posts__post-excerpt\">La liebre y el Gran Genio de la selva<\/div><\/li>\n<li><div class=\"wp-block-latest-posts__featured-image\"><img loading=\"lazy\" decoding=\"async\" width=\"150\" height=\"150\" src=\"https:\/\/machine-a-lire.blog.ac-lyon.fr\/wordpress\/wp-content\/uploads\/2020\/05\/Les-singes-et-la-s\u00e9cheresse-150x150.jpg\" class=\"attachment-thumbnail size-thumbnail wp-post-image\" alt=\"\" style=\"\" \/><\/div><a class=\"wp-block-latest-posts__post-title\" href=\"https:\/\/machine-a-lire.blog.ac-lyon.fr\/wordpress\/espanol\/07-les-singes-et-la-secheresse-espanol\/\">07. Les singes et la s\u00e9cheresse (espa\u00f1ol)<\/a><div class=\"wp-block-latest-posts__post-excerpt\">Los monos y la sequ\u00eda<\/div><\/li>\n<li><div class=\"wp-block-latest-posts__featured-image\"><img loading=\"lazy\" decoding=\"async\" width=\"150\" height=\"150\" src=\"https:\/\/machine-a-lire.blog.ac-lyon.fr\/wordpress\/wp-content\/uploads\/2020\/05\/Monsieur-Pou-d\u00e9m\u00e9nage-150x150.jpg\" class=\"attachment-thumbnail size-thumbnail wp-post-image\" alt=\"\" style=\"\" \/><\/div><a class=\"wp-block-latest-posts__post-title\" href=\"https:\/\/machine-a-lire.blog.ac-lyon.fr\/wordpress\/espanol\/08-monsieur-pou-demenage-espanol\/\">08. Monsieur Pou d\u00e9m\u00e9nage (espa\u00f1ol)<\/a><div class=\"wp-block-latest-posts__post-excerpt\">Se\u00f1or Piojo se muda<\/div><\/li>\n<li><div class=\"wp-block-latest-posts__featured-image\"><img loading=\"lazy\" decoding=\"async\" width=\"150\" height=\"150\" src=\"https:\/\/machine-a-lire.blog.ac-lyon.fr\/wordpress\/wp-content\/uploads\/2020\/05\/Pitane-ne-saime-pas-150x150.jpg\" class=\"attachment-thumbnail size-thumbnail wp-post-image\" alt=\"\" style=\"\" \/><\/div><a class=\"wp-block-latest-posts__post-title\" href=\"https:\/\/machine-a-lire.blog.ac-lyon.fr\/wordpress\/espanol\/09-pitane-ne-saime-pas-espanol-2\/\">09. Pitane ne s&rsquo;aime pas (espa\u00f1ol)<\/a><div class=\"wp-block-latest-posts__post-excerpt\">Pitane no se quiere<\/div><\/li>\n<li><div class=\"wp-block-latest-posts__featured-image\"><img loading=\"lazy\" decoding=\"async\" width=\"150\" height=\"150\" src=\"https:\/\/machine-a-lire.blog.ac-lyon.fr\/wordpress\/wp-content\/uploads\/2020\/05\/La-tour-Eiffel-150x150.jpg\" class=\"attachment-thumbnail size-thumbnail wp-post-image\" alt=\"\" style=\"\" \/><\/div><a class=\"wp-block-latest-posts__post-title\" href=\"https:\/\/machine-a-lire.blog.ac-lyon.fr\/wordpress\/espanol\/10-la-tour-eiffel-espanol\/\">10. La tour Eiffel (espa\u00f1ol)<\/a><div class=\"wp-block-latest-posts__post-excerpt\">La torre Eiffel<\/div><\/li>\n<li><div class=\"wp-block-latest-posts__featured-image\"><img loading=\"lazy\" decoding=\"async\" width=\"150\" height=\"150\" src=\"https:\/\/machine-a-lire.blog.ac-lyon.fr\/wordpress\/wp-content\/uploads\/2020\/05\/jardine-en-tamusant-150x150.jpg\" class=\"attachment-thumbnail size-thumbnail wp-post-image\" alt=\"\" style=\"\" \/><\/div><a class=\"wp-block-latest-posts__post-title\" href=\"https:\/\/machine-a-lire.blog.ac-lyon.fr\/wordpress\/espanol\/11-jardine-en-tamusant-espanol\/\">11. Jardine en t&rsquo;amusant (espa\u00f1ol)<\/a><div class=\"wp-block-latest-posts__post-excerpt\">Haz jardiner\u00eda divirti\u00e9ndote<\/div><\/li>\n<li><div class=\"wp-block-latest-posts__featured-image\"><img loading=\"lazy\" decoding=\"async\" width=\"150\" height=\"150\" src=\"https:\/\/machine-a-lire.blog.ac-lyon.fr\/wordpress\/wp-content\/uploads\/2020\/05\/Les-escargots-150x150.png\" class=\"attachment-thumbnail size-thumbnail wp-post-image\" alt=\"\" style=\"\" \/><\/div><a class=\"wp-block-latest-posts__post-title\" href=\"https:\/\/machine-a-lire.blog.ac-lyon.fr\/wordpress\/espanol\/12-lescargot-espanol\/\">12. L&rsquo;escargot (espa\u00f1ol)<\/a><div class=\"wp-block-latest-posts__post-excerpt\">El caracol<\/div><\/li>\n<li><div class=\"wp-block-latest-posts__featured-image\"><img loading=\"lazy\" decoding=\"async\" width=\"150\" height=\"150\" src=\"https:\/\/machine-a-lire.blog.ac-lyon.fr\/wordpress\/wp-content\/uploads\/2020\/05\/Les-haricots-verts-de-Tim\u00e9o-150x150.jpg\" class=\"attachment-thumbnail size-thumbnail wp-post-image\" alt=\"\" style=\"\" \/><\/div><a class=\"wp-block-latest-posts__post-title\" href=\"https:\/\/machine-a-lire.blog.ac-lyon.fr\/wordpress\/espanol\/13-les-haricots-verts-de-timeo-espanol\/\">13. Les haricots verts de Tim\u00e9o (espa\u00f1ol)<\/a><div class=\"wp-block-latest-posts__post-excerpt\">Los porotos verdes de Tim\u00e9o<\/div><\/li>\n<li><div class=\"wp-block-latest-posts__featured-image\"><img loading=\"lazy\" decoding=\"async\" width=\"150\" height=\"150\" src=\"https:\/\/machine-a-lire.blog.ac-lyon.fr\/wordpress\/wp-content\/uploads\/2020\/05\/sara-a-toujours-une-solution-150x150.jpg\" class=\"attachment-thumbnail size-thumbnail wp-post-image\" alt=\"\" style=\"\" \/><\/div><a class=\"wp-block-latest-posts__post-title\" href=\"https:\/\/machine-a-lire.blog.ac-lyon.fr\/wordpress\/espanol\/14-sara-a-toujours-une-solution-espanol\/\">14. Sara a toujours une solution (espa\u00f1ol)<\/a><div class=\"wp-block-latest-posts__post-excerpt\">Sara tiene siempre una soluci\u00f3n<\/div><\/li>\n<\/ul><\/div><\/div>\n<\/div>\n","protected":false},"excerpt":{"rendered":"<p>Su hijo\/a tiene la posibilidad de escuchar y leer textos ; \u00e9l\/ella podr\u00e1 grabarse. Se le dan consignas y han sido traducidas : as\u00ed usted lo\/la podr\u00e1 ayudar. Unas preguntas que tienen que ver con los textos tambi\u00e9n han sido&#8230; <a class=\"more-link\" href=\"https:\/\/machine-a-lire.blog.ac-lyon.fr\/wordpress\/es\/\">Lire la suite &rarr;<\/a><\/p>\n","protected":false},"author":5,"featured_media":313,"parent":0,"menu_order":0,"comment_status":"closed","ping_status":"closed","template":"","meta":{"advgb_blocks_editor_width":"","advgb_blocks_columns_visual_guide":"","footnotes":""},"class_list":["post-272","page","type-page","status-publish","has-post-thumbnail","hentry"],"coauthors":[],"author_meta":{"author_link":"https:\/\/machine-a-lire.blog.ac-lyon.fr\/wordpress\/author\/daneblog\/","display_name":"Webmestre acad\u00e9mique"},"relative_dates":{"created":"Publi\u00e9 6 ans il y a","modified":"Mis \u00e0 jour 6 ans il y a"},"absolute_dates":{"created":"Publi\u00e9 le 7 mai 2020","modified":"Mise \u00e0 jour le 29 mai 2020"},"absolute_dates_time":{"created":"Publi\u00e9 le 7 mai 2020 11 h 36 min","modified":"Mise \u00e0 jour le 29 mai 2020 9 h 55 min"},"featured_img_caption":"","featured_img":"https:\/\/machine-a-lire.blog.ac-lyon.fr\/wordpress\/wp-content\/uploads\/2020\/05\/Logo-MAL-CP.jpg","series_order":"","_links":{"self":[{"href":"https:\/\/machine-a-lire.blog.ac-lyon.fr\/wordpress\/wp-json\/wp\/v2\/pages\/272","targetHints":{"allow":["GET"]}}],"collection":[{"href":"https:\/\/machine-a-lire.blog.ac-lyon.fr\/wordpress\/wp-json\/wp\/v2\/pages"}],"about":[{"href":"https:\/\/machine-a-lire.blog.ac-lyon.fr\/wordpress\/wp-json\/wp\/v2\/types\/page"}],"author":[{"embeddable":true,"href":"https:\/\/machine-a-lire.blog.ac-lyon.fr\/wordpress\/wp-json\/wp\/v2\/users\/5"}],"replies":[{"embeddable":true,"href":"https:\/\/machine-a-lire.blog.ac-lyon.fr\/wordpress\/wp-json\/wp\/v2\/comments?post=272"}],"version-history":[{"count":15,"href":"https:\/\/machine-a-lire.blog.ac-lyon.fr\/wordpress\/wp-json\/wp\/v2\/pages\/272\/revisions"}],"predecessor-version":[{"id":1312,"href":"https:\/\/machine-a-lire.blog.ac-lyon.fr\/wordpress\/wp-json\/wp\/v2\/pages\/272\/revisions\/1312"}],"wp:featuredmedia":[{"embeddable":true,"href":"https:\/\/machine-a-lire.blog.ac-lyon.fr\/wordpress\/wp-json\/wp\/v2\/media\/313"}],"wp:attachment":[{"href":"https:\/\/machine-a-lire.blog.ac-lyon.fr\/wordpress\/wp-json\/wp\/v2\/media?parent=272"}],"curies":[{"name":"wp","href":"https:\/\/api.w.org\/{rel}","templated":true}]}}