{"id":288,"date":"2020-05-07T15:17:21","date_gmt":"2020-05-07T13:17:21","guid":{"rendered":"https:\/\/machine-a-lire.blog.ac-lyon.fr\/wordpress\/?page_id=288"},"modified":"2020-05-29T09:58:10","modified_gmt":"2020-05-29T07:58:10","slug":"macchina-da-leggere-1","status":"publish","type":"page","link":"https:\/\/machine-a-lire.blog.ac-lyon.fr\/wordpress\/it\/","title":{"rendered":"Macchina da Leggere 1"},"content":{"rendered":"\n<figure class=\"wp-block-audio\"><audio controls src=\"blob:https:\/\/machine-a-lire.blog.ac-lyon.fr\/05ab1f07-1a59-4fa7-8e56-0300cc13be99\"><\/audio><\/figure>\n\n\n\n<p><em>Suo(a) figlio(a) ha la possibilit\u00e0 di sentire e di leggere testi&nbsp;; potr\u00e0 registrarsi. Consegne gli (le) sono date e sono state tradotte&nbsp;: cosi Lei potr\u00e0 aiutarlo(a).<\/em><\/p>\n\n\n\n<p><em>Domande che vertono sui testi sono state anche loro tradotte. Cos\u00ec Lei potr\u00e0 scambiare con il bambino utilizzando la lingua con laquale Lei \u00e8 pi\u00f9 a Suo agio. Questi scambi aiuteranno il bambino a trovare le risposte e a capire il testo. Lei potr\u00e0 anche utilizzare le domande per parlare di altri argomenti, in relazione con i testi. Per esempio, il testo sul koala potr\u00e0 essere l\u2019occasione di scambiare sugli animali, su quelli che gli piacciono, su quelli che ha gi\u00e0 osservati, ci\u00f2 che mangiano, sul loro habitat, ecc.<\/em><\/p>\n\n\n\n<div class=\"wp-block-advgb-accordions advgb-accordion-wrapper\" data-collapsed=\"true\">\n<div class=\"wp-block-advgb-accordion-item advgb-accordion-item\" style=\"margin-bottom:15px\"><div class=\"advgb-accordion-header\" style=\"background-color:#2196f3;color:#eee;border-style:dotted;border-radius:2px\"><span class=\"advgb-accordion-header-icon\"><svg fill=\"#fff\" xmlns=\"http:\/\/www.w3.org\/2000\/svg\" width=\"24\" height=\"24\" viewbox=\"0 0 24 24\"><path fill=\"none\" d=\"M0,0h24v24H0V0z\"><\/path><path d=\"M12,2C6.48,2,2,6.48,2,12s4.48,10,10,10s10-4.48,10-10S17.52,2,12,2z M17,13h-4v4h-2v-4H7v-2h4V7h2v4h4V13z\"><\/path><\/svg><\/span><h4 class=\"advgb-accordion-header-title\" style=\"color:inherit\">Utilizzo della Macchina da Leggere 1<\/h4><\/div><div class=\"advgb-accordion-body\" style=\"border-style:dotted !important;border-color:undefined !important;border-top:none !important;border-radius:2px !important\">\n<p>La macchina da leggere permetter\u00e0 al bambino di lavorare sulla lettura a voce alta solo o con Lei.<\/p>\n\n\n\n<p>Per leggere oralmente correttamente, \u00e8 essenziale avere capito il testo ascoltato. Per questo, Lei pu\u00f2 sentire con il bambino e fargli domande per vedere ci\u00f2 che ha capito e se c\u2019\u00e8 bisogno, spiegargli ci\u00f2 che \u00e8 successo nel passaggio che ha appena ascoltato.<\/p>\n\n\n\n<h2 class=\"wp-block-heading\">Parecchie tappe<\/h2>\n\n\n\n<h3 class=\"wp-block-heading\">Tappa 1<\/h3>\n\n\n\n<p>Quando si apre l\u2019applicazione, parecchie storie sono proposte. Basta cliccare sulla storia scelta.<\/p>\n\n\n\n<figure class=\"wp-block-image size-large\"><img loading=\"lazy\" decoding=\"async\" width=\"1024\" height=\"640\" src=\"https:\/\/machine-a-lire.blog.ac-lyon.fr\/wordpress\/wp-content\/uploads\/2020\/05\/image-1024x640.jpg\" alt=\"\" class=\"wp-image-289\" srcset=\"https:\/\/machine-a-lire.blog.ac-lyon.fr\/wordpress\/wp-content\/uploads\/2020\/05\/image-1024x640.jpg 1024w, https:\/\/machine-a-lire.blog.ac-lyon.fr\/wordpress\/wp-content\/uploads\/2020\/05\/image-300x188.jpg 300w, https:\/\/machine-a-lire.blog.ac-lyon.fr\/wordpress\/wp-content\/uploads\/2020\/05\/image.jpg 1200w\" sizes=\"auto, (max-width: 1024px) 100vw, 1024px\" \/><figcaption><em>Registra le tue storie&nbsp;: <\/em><br><em>1 \u2013 lo spaventapasseri viaggiatore 2 \u2013 Il sogno venduto 3 \u2013 L\u2019imputata, si alzi&nbsp;!<\/em><br><em>4 \u2013 Avventure alla cima di un albero 5- Il koala 6 \u2013 La lepre e il grande genio della boscaglia<\/em><\/figcaption><\/figure>\n\n\n\n<h3 class=\"wp-block-heading\">Tappa 2<\/h3>\n\n\n\n<p>\u00c8 chiesto di scegliere il livello di difficolt\u00e0 del lavoro da effettuare. Il livello 1 \u00e8 il pi\u00f9 facile, il 3 il pi\u00f9 difficile. (Poi, sar\u00e0 possibile cambiare livello a qualsiasi momento).<\/p>\n\n\n\n<p>Dopo, premere la freccia per continuare.<\/p>\n\n\n\n<figure class=\"wp-block-image size-large\"><img loading=\"lazy\" decoding=\"async\" width=\"1024\" height=\"621\" src=\"https:\/\/machine-a-lire.blog.ac-lyon.fr\/wordpress\/wp-content\/uploads\/2020\/05\/image-1-1024x621.jpg\" alt=\"\" class=\"wp-image-290\" srcset=\"https:\/\/machine-a-lire.blog.ac-lyon.fr\/wordpress\/wp-content\/uploads\/2020\/05\/image-1-1024x621.jpg 1024w, https:\/\/machine-a-lire.blog.ac-lyon.fr\/wordpress\/wp-content\/uploads\/2020\/05\/image-1-300x182.jpg 300w, https:\/\/machine-a-lire.blog.ac-lyon.fr\/wordpress\/wp-content\/uploads\/2020\/05\/image-1.jpg 1200w\" sizes=\"auto, (max-width: 1024px) 100vw, 1024px\" \/><figcaption><em>Macchina da leggere&nbsp;: Il koala &#8211; Livello 1 \u2013 Livello 2 \u2013 Livello 3<\/em><\/figcaption><\/figure>\n\n\n\n<h3 class=\"wp-block-heading\">Tappa 3<\/h3>\n\n\n\n<p>Il bambino sente l\u2019inizio della storia. Nessun testo viene visualizzato, solo un\u2019immagine, per permettere una migliore concentrazione sull\u2019ascolto. A detto momento, pu\u00f2 essere interessante che Lei ascolti con lui e che gli faccia domande su ci\u00f2 che ha capito prima di passare alla tappa successiva.<\/p>\n\n\n\n<figure class=\"wp-block-image size-large\"><img loading=\"lazy\" decoding=\"async\" width=\"1024\" height=\"622\" src=\"https:\/\/machine-a-lire.blog.ac-lyon.fr\/wordpress\/wp-content\/uploads\/2020\/05\/image-2-1024x622.jpg\" alt=\"\" class=\"wp-image-291\" srcset=\"https:\/\/machine-a-lire.blog.ac-lyon.fr\/wordpress\/wp-content\/uploads\/2020\/05\/image-2-1024x622.jpg 1024w, https:\/\/machine-a-lire.blog.ac-lyon.fr\/wordpress\/wp-content\/uploads\/2020\/05\/image-2-300x182.jpg 300w, https:\/\/machine-a-lire.blog.ac-lyon.fr\/wordpress\/wp-content\/uploads\/2020\/05\/image-2.jpg 1200w\" sizes=\"auto, (max-width: 1024px) 100vw, 1024px\" \/><figcaption><em>Macchina da leggere&nbsp;: Il koala &#8211; Livello 2<\/em><\/figcaption><\/figure>\n\n\n\n<h3 class=\"wp-block-heading\">Tappa 4<\/h3>\n\n\n\n<p>Si chiede di leggere la frase proposta e di registrarla (premere il tasto blu). Se la frase \u00e8 troppo difficile o troppo facile, il tasto \u00ab&nbsp;livello&nbsp;\u00bb permette di cambiare il livello di difficolt\u00e0.<\/p>\n\n\n\n<p>Il bambino pu\u00f2 alenarsi a leggere la frase prima di registrarla o passare direttamente alla registrazione.<\/p>\n\n\n\n<p>Quando \u00e0 letta la frase, bisogna premere su STOP<\/p>\n\n\n\n<figure class=\"wp-block-gallery columns-3 is-cropped wp-block-gallery-1\"><ul class=\"blocks-gallery-grid\"><li class=\"blocks-gallery-item\"><figure><a href=\"https:\/\/machine-a-lire.blog.ac-lyon.fr\/wordpress\/wp-content\/uploads\/2020\/05\/image-1-1024x620.png\"><img loading=\"lazy\" decoding=\"async\" width=\"1024\" height=\"620\" src=\"https:\/\/machine-a-lire.blog.ac-lyon.fr\/wordpress\/wp-content\/uploads\/2020\/05\/image-1-1024x620.png\" alt=\"\" data-id=\"293\" class=\"wp-image-293\" srcset=\"https:\/\/machine-a-lire.blog.ac-lyon.fr\/wordpress\/wp-content\/uploads\/2020\/05\/image-1-1024x620.png 1024w, https:\/\/machine-a-lire.blog.ac-lyon.fr\/wordpress\/wp-content\/uploads\/2020\/05\/image-1-300x182.png 300w, https:\/\/machine-a-lire.blog.ac-lyon.fr\/wordpress\/wp-content\/uploads\/2020\/05\/image-1.png 1200w\" sizes=\"auto, (max-width: 1024px) 100vw, 1024px\" \/><\/a><\/figure><\/li><li class=\"blocks-gallery-item\"><figure><a href=\"https:\/\/machine-a-lire.blog.ac-lyon.fr\/wordpress\/wp-content\/uploads\/2020\/05\/image-2-1024x620.png\"><img loading=\"lazy\" decoding=\"async\" width=\"1024\" height=\"620\" src=\"https:\/\/machine-a-lire.blog.ac-lyon.fr\/wordpress\/wp-content\/uploads\/2020\/05\/image-2-1024x620.png\" alt=\"\" data-id=\"294\" class=\"wp-image-294\" srcset=\"https:\/\/machine-a-lire.blog.ac-lyon.fr\/wordpress\/wp-content\/uploads\/2020\/05\/image-2-1024x620.png 1024w, https:\/\/machine-a-lire.blog.ac-lyon.fr\/wordpress\/wp-content\/uploads\/2020\/05\/image-2-300x182.png 300w, https:\/\/machine-a-lire.blog.ac-lyon.fr\/wordpress\/wp-content\/uploads\/2020\/05\/image-2.png 1200w\" sizes=\"auto, (max-width: 1024px) 100vw, 1024px\" \/><\/a><\/figure><\/li><li class=\"blocks-gallery-item\"><figure><a href=\"https:\/\/machine-a-lire.blog.ac-lyon.fr\/wordpress\/wp-content\/uploads\/2020\/05\/image-4-1024x621.png\"><img loading=\"lazy\" decoding=\"async\" width=\"1024\" height=\"621\" src=\"https:\/\/machine-a-lire.blog.ac-lyon.fr\/wordpress\/wp-content\/uploads\/2020\/05\/image-4-1024x621.png\" alt=\"\" data-id=\"295\" class=\"wp-image-295\" srcset=\"https:\/\/machine-a-lire.blog.ac-lyon.fr\/wordpress\/wp-content\/uploads\/2020\/05\/image-4-1024x621.png 1024w, https:\/\/machine-a-lire.blog.ac-lyon.fr\/wordpress\/wp-content\/uploads\/2020\/05\/image-4-300x182.png 300w, https:\/\/machine-a-lire.blog.ac-lyon.fr\/wordpress\/wp-content\/uploads\/2020\/05\/image-4.png 1200w\" sizes=\"auto, (max-width: 1024px) 100vw, 1024px\" \/><\/a><\/figure><\/li><\/ul><figcaption class=\"blocks-gallery-caption is-layout-flex wp-block-gallery-is-layout-flex\"><em>Macchina da leggere&nbsp;: Il koala &#8211; Livello 2<\/em><br><em>\u00c8<\/em> <em>minuscolo rispetto a sua madre Registra Livello \/\/ Registra Livello \/\/ Stop<\/em><\/figcaption><\/figure>\n\n\n\n<h3 class=\"wp-block-heading\">Tappa 5<\/h3>\n\n\n\n<p>\u00c8 proposto al bambino di ascoltare ci\u00f2 che ha registrato (tasto arancio).<\/p>\n\n\n\n<p>Il bambino pu\u00f2 registrare di nuovo la frase (tasto blu con il microfono)<\/p>\n\n\n\n<p>Cambiare livello (tasto verde)<\/p>\n\n\n\n<p>Passare alla tappa successiva (tasto blu con la freccia bianca)<\/p>\n\n\n\n<figure class=\"wp-block-image size-large\"><img loading=\"lazy\" decoding=\"async\" width=\"1024\" height=\"621\" src=\"https:\/\/machine-a-lire.blog.ac-lyon.fr\/wordpress\/wp-content\/uploads\/2020\/05\/image-5-1024x621.jpg\" alt=\"\" class=\"wp-image-297\" srcset=\"https:\/\/machine-a-lire.blog.ac-lyon.fr\/wordpress\/wp-content\/uploads\/2020\/05\/image-5-1024x621.jpg 1024w, https:\/\/machine-a-lire.blog.ac-lyon.fr\/wordpress\/wp-content\/uploads\/2020\/05\/image-5-300x182.jpg 300w, https:\/\/machine-a-lire.blog.ac-lyon.fr\/wordpress\/wp-content\/uploads\/2020\/05\/image-5.jpg 1200w\" sizes=\"auto, (max-width: 1024px) 100vw, 1024px\" \/><figcaption><em>Macchina da leggere&nbsp;: Il koala &#8211; Livello 3<\/em><br><em>Fa attenzione ai predatori<\/em><br><em>Registra Ascolta Livello<\/em><\/figcaption><\/figure>\n\n\n\n<h3 class=\"wp-block-heading\">Tappe successive<\/h3>\n\n\n\n<p>Riprese delle tappe 3 a 5 due volte, poi ascolto della fine della storia.<\/p>\n\n\n\n<h2 class=\"wp-block-heading\">Ascolto e\/o registrazione<\/h2>\n\n\n\n<p>\u00c8 proposto al bambino di ascoltare di nuovo la storia intera in cui le sue registrazioni saranno state inserite. Due soluzioni:<\/p>\n\n\n\n<p>&#8211; il bambino ascolta la sua storia direttamente . Preme sull\u2019immagine del bambino che legge. Dopo, potr\u00e0 registrarla sul tablet premendo il tasto blu o uscire dall\u2019applicazione se non vuole conservare la sua storia.<\/p>\n\n\n\n<p>&#8211; il bambino registra la sua storia prima di ascoltarla per potere conservarla. Preme la freccia.<\/p>\n\n\n\n<p>Dovr\u00e0 scrivere il suo nome. Allora, la storia sar\u00e0 registrata sul tablet. La ritrover\u00e0 sull\u2019home page dell\u2019applicazione nella parte destra in alto in \u00ab&nbsp;storie registrate&nbsp;\u00bb e potr\u00e0 ascoltarla ogni volta che vorr\u00e0.<\/p>\n\n\n\n<p>Una stessa storia pu\u00f2 venire registrata pi\u00f9 volte con livelli di difficolt\u00e0 diverse.<\/p>\n\n\n\n<figure class=\"wp-block-image size-large\"><img loading=\"lazy\" decoding=\"async\" width=\"639\" height=\"479\" src=\"https:\/\/machine-a-lire.blog.ac-lyon.fr\/wordpress\/wp-content\/uploads\/2020\/05\/image-5.png\" alt=\"\" class=\"wp-image-298\" srcset=\"https:\/\/machine-a-lire.blog.ac-lyon.fr\/wordpress\/wp-content\/uploads\/2020\/05\/image-5.png 639w, https:\/\/machine-a-lire.blog.ac-lyon.fr\/wordpress\/wp-content\/uploads\/2020\/05\/image-5-300x225.png 300w\" sizes=\"auto, (max-width: 639px) 100vw, 639px\" \/><figcaption><em>Macchina da leggere&nbsp;: Il koala &#8211; Livello 3<\/em><br><em>Ascolta tutta la storia<\/em><\/figcaption><\/figure>\n\n\n\n<figure class=\"wp-block-image size-large\"><img loading=\"lazy\" decoding=\"async\" width=\"1024\" height=\"622\" src=\"https:\/\/machine-a-lire.blog.ac-lyon.fr\/wordpress\/wp-content\/uploads\/2020\/05\/image-6-1024x622.png\" alt=\"\" class=\"wp-image-299\" srcset=\"https:\/\/machine-a-lire.blog.ac-lyon.fr\/wordpress\/wp-content\/uploads\/2020\/05\/image-6-1024x622.png 1024w, https:\/\/machine-a-lire.blog.ac-lyon.fr\/wordpress\/wp-content\/uploads\/2020\/05\/image-6-300x182.png 300w, https:\/\/machine-a-lire.blog.ac-lyon.fr\/wordpress\/wp-content\/uploads\/2020\/05\/image-6.png 1200w\" sizes=\"auto, (max-width: 1024px) 100vw, 1024px\" \/><figcaption><em>Macchina da leggere&nbsp;: Il koala &#8211; Livello 3<\/em><br><em>Nome della registrazione<\/em><\/figcaption><\/figure>\n\n\n\n<figure class=\"wp-block-image size-large\"><img loading=\"lazy\" decoding=\"async\" width=\"1024\" height=\"582\" src=\"https:\/\/machine-a-lire.blog.ac-lyon.fr\/wordpress\/wp-content\/uploads\/2020\/05\/Notice_derniere_vignette-1024x582.jpg\" alt=\"\" class=\"wp-image-393\" srcset=\"https:\/\/machine-a-lire.blog.ac-lyon.fr\/wordpress\/wp-content\/uploads\/2020\/05\/Notice_derniere_vignette-1024x582.jpg 1024w, https:\/\/machine-a-lire.blog.ac-lyon.fr\/wordpress\/wp-content\/uploads\/2020\/05\/Notice_derniere_vignette-300x171.jpg 300w, https:\/\/machine-a-lire.blog.ac-lyon.fr\/wordpress\/wp-content\/uploads\/2020\/05\/Notice_derniere_vignette.jpg 1200w\" sizes=\"auto, (max-width: 1024px) 100vw, 1024px\" \/><figcaption><em>Macchina da leggere&nbsp;:<\/em><br><em>Registra le tue storie<\/em><\/figcaption><\/figure>\n<\/div><\/div>\n\n\n\n<div class=\"wp-block-advgb-accordion-item advgb-accordion-item accordeon-histoires\" style=\"margin-bottom:15px\"><div class=\"advgb-accordion-header\" style=\"background-color:#2196f3;color:#eee;border-style:dotted;border-radius:2px\"><span class=\"advgb-accordion-header-icon\"><svg fill=\"#fff\" xmlns=\"http:\/\/www.w3.org\/2000\/svg\" width=\"24\" height=\"24\" viewbox=\"0 0 24 24\"><path fill=\"none\" d=\"M0,0h24v24H0V0z\"><\/path><path d=\"M12,2C6.48,2,2,6.48,2,12s4.48,10,10,10s10-4.48,10-10S17.52,2,12,2z M17,13h-4v4h-2v-4H7v-2h4V7h2v4h4V13z\"><\/path><\/svg><\/span><h4 class=\"advgb-accordion-header-title\" style=\"color:inherit\">Storie<\/h4><\/div><div class=\"advgb-accordion-body\" style=\"border-style:dotted !important;border-color:undefined !important;border-top:none !important;border-radius:2px !important\"><ul class=\"wp-block-latest-posts__list is-grid columns-3 wp-block-latest-posts\"><li><div class=\"wp-block-latest-posts__featured-image\"><img loading=\"lazy\" decoding=\"async\" width=\"150\" height=\"150\" src=\"https:\/\/machine-a-lire.blog.ac-lyon.fr\/wordpress\/wp-content\/uploads\/2020\/05\/\u00c9pouvantail-voyageur-150x150.jpg\" class=\"attachment-thumbnail size-thumbnail wp-post-image\" alt=\"\" style=\"\" \/><\/div><a class=\"wp-block-latest-posts__post-title\" href=\"https:\/\/machine-a-lire.blog.ac-lyon.fr\/wordpress\/italiano\/01-lepouvantail-voyageur-italiano\/\">01. L&rsquo;\u00e9pouvantail voyageur (italiano)<\/a><div class=\"wp-block-latest-posts__post-excerpt\">Lo spaventapasseri viaggiatore<\/div><\/li>\n<li><div class=\"wp-block-latest-posts__featured-image\"><img loading=\"lazy\" decoding=\"async\" width=\"150\" height=\"150\" src=\"https:\/\/machine-a-lire.blog.ac-lyon.fr\/wordpress\/wp-content\/uploads\/2020\/05\/Reve-vendu-150x150.jpg\" class=\"attachment-thumbnail size-thumbnail wp-post-image\" alt=\"\" style=\"\" \/><\/div><a class=\"wp-block-latest-posts__post-title\" href=\"https:\/\/machine-a-lire.blog.ac-lyon.fr\/wordpress\/italiano\/02-le-reve-vendu-italiano\/\">02. Le r\u00eave vendu (italiano)<\/a><div class=\"wp-block-latest-posts__post-excerpt\">Il sogno venduto<\/div><\/li>\n<li><div class=\"wp-block-latest-posts__featured-image\"><img loading=\"lazy\" decoding=\"async\" width=\"150\" height=\"150\" src=\"https:\/\/machine-a-lire.blog.ac-lyon.fr\/wordpress\/wp-content\/uploads\/2020\/05\/Accus\u00e9e-levez-vous-150x150.jpg\" class=\"attachment-thumbnail size-thumbnail wp-post-image\" alt=\"\" style=\"\" \/><\/div><a class=\"wp-block-latest-posts__post-title\" href=\"https:\/\/machine-a-lire.blog.ac-lyon.fr\/wordpress\/italiano\/03-accusee-levez-vous-italiano\/\">03. Accus\u00e9e, levez-vous ! (italiano)<\/a><div class=\"wp-block-latest-posts__post-excerpt\">L\u2019imputata, si alzi !<\/div><\/li>\n<li><div class=\"wp-block-latest-posts__featured-image\"><img loading=\"lazy\" decoding=\"async\" width=\"150\" height=\"150\" src=\"https:\/\/machine-a-lire.blog.ac-lyon.fr\/wordpress\/wp-content\/uploads\/2020\/05\/Aventures-au-sommet-dun-arbre-150x150.jpg\" class=\"attachment-thumbnail size-thumbnail wp-post-image\" alt=\"\" style=\"\" \/><\/div><a class=\"wp-block-latest-posts__post-title\" href=\"https:\/\/machine-a-lire.blog.ac-lyon.fr\/wordpress\/italiano\/04-aventures-au-sommet-dun-arbre-italiano\/\">04. Aventures au sommet d&rsquo;un arbre (italiano)<\/a><div class=\"wp-block-latest-posts__post-excerpt\">Avventure alla cima di un albero<\/div><\/li>\n<li><div class=\"wp-block-latest-posts__featured-image\"><img loading=\"lazy\" decoding=\"async\" width=\"150\" height=\"150\" src=\"https:\/\/machine-a-lire.blog.ac-lyon.fr\/wordpress\/wp-content\/uploads\/2020\/05\/Le-koala-150x150.jpg\" class=\"attachment-thumbnail size-thumbnail wp-post-image\" alt=\"\" style=\"\" \/><\/div><a class=\"wp-block-latest-posts__post-title\" href=\"https:\/\/machine-a-lire.blog.ac-lyon.fr\/wordpress\/italiano\/05-le-koala\/\">05. Le koala (italiano)<\/a><div class=\"wp-block-latest-posts__post-excerpt\">Il koala<\/div><\/li>\n<li><div class=\"wp-block-latest-posts__featured-image\"><img loading=\"lazy\" decoding=\"async\" width=\"150\" height=\"150\" src=\"https:\/\/machine-a-lire.blog.ac-lyon.fr\/wordpress\/wp-content\/uploads\/2020\/05\/Le-li\u00e8vre-et-le-Grand-G\u00e9nie-de-la-brousse-1-150x150.jpg\" class=\"attachment-thumbnail size-thumbnail wp-post-image\" alt=\"\" style=\"\" \/><\/div><a class=\"wp-block-latest-posts__post-title\" href=\"https:\/\/machine-a-lire.blog.ac-lyon.fr\/wordpress\/italiano\/06-le-lievre-et-le-grand-genie-de-la-brousse-italiano\/\">06. Le li\u00e8vre et le Grand G\u00e9nie de la brousse (italiano)<\/a><div class=\"wp-block-latest-posts__post-excerpt\">La lepre e il Grande Genio della boscaglia<\/div><\/li>\n<li><div class=\"wp-block-latest-posts__featured-image\"><img loading=\"lazy\" decoding=\"async\" width=\"150\" height=\"150\" src=\"https:\/\/machine-a-lire.blog.ac-lyon.fr\/wordpress\/wp-content\/uploads\/2020\/05\/Les-singes-et-la-s\u00e9cheresse-150x150.jpg\" class=\"attachment-thumbnail size-thumbnail wp-post-image\" alt=\"\" style=\"\" \/><\/div><a class=\"wp-block-latest-posts__post-title\" href=\"https:\/\/machine-a-lire.blog.ac-lyon.fr\/wordpress\/italiano\/07-les-singes-et-la-secheresse-italiano\/\">07. Les singes et la s\u00e9cheresse (italiano)<\/a><div class=\"wp-block-latest-posts__post-excerpt\">Le scimmie et la siccit\u00e0<\/div><\/li>\n<li><div class=\"wp-block-latest-posts__featured-image\"><img loading=\"lazy\" decoding=\"async\" width=\"150\" height=\"150\" src=\"https:\/\/machine-a-lire.blog.ac-lyon.fr\/wordpress\/wp-content\/uploads\/2020\/05\/Monsieur-Pou-d\u00e9m\u00e9nage-150x150.jpg\" class=\"attachment-thumbnail size-thumbnail wp-post-image\" alt=\"\" style=\"\" \/><\/div><a class=\"wp-block-latest-posts__post-title\" href=\"https:\/\/machine-a-lire.blog.ac-lyon.fr\/wordpress\/italiano\/08-monsieur-pou-demenage-italiano\/\">08. Monsieur Pou d\u00e9m\u00e9nage (italiano)<\/a><div class=\"wp-block-latest-posts__post-excerpt\">Il Signor Pidocchio trasloca<\/div><\/li>\n<li><div class=\"wp-block-latest-posts__featured-image\"><img loading=\"lazy\" decoding=\"async\" width=\"150\" height=\"150\" src=\"https:\/\/machine-a-lire.blog.ac-lyon.fr\/wordpress\/wp-content\/uploads\/2020\/05\/Pitane-ne-saime-pas-150x150.jpg\" class=\"attachment-thumbnail size-thumbnail wp-post-image\" alt=\"\" style=\"\" \/><\/div><a class=\"wp-block-latest-posts__post-title\" href=\"https:\/\/machine-a-lire.blog.ac-lyon.fr\/wordpress\/italiano\/09-pitane-ne-saime-pas-italiano\/\">09. Pitane ne s&rsquo;aime pas (italiano)<\/a><div class=\"wp-block-latest-posts__post-excerpt\">Pitane non si piace<\/div><\/li>\n<li><div class=\"wp-block-latest-posts__featured-image\"><img loading=\"lazy\" decoding=\"async\" width=\"150\" height=\"150\" src=\"https:\/\/machine-a-lire.blog.ac-lyon.fr\/wordpress\/wp-content\/uploads\/2020\/05\/La-tour-Eiffel-150x150.jpg\" class=\"attachment-thumbnail size-thumbnail wp-post-image\" alt=\"\" style=\"\" \/><\/div><a class=\"wp-block-latest-posts__post-title\" href=\"https:\/\/machine-a-lire.blog.ac-lyon.fr\/wordpress\/italiano\/10-la-tour-eiffel-italiano\/\">10. La tour Eiffel (italiano)<\/a><div class=\"wp-block-latest-posts__post-excerpt\">La Torre Eiffel<\/div><\/li>\n<li><div class=\"wp-block-latest-posts__featured-image\"><img loading=\"lazy\" decoding=\"async\" width=\"150\" height=\"150\" src=\"https:\/\/machine-a-lire.blog.ac-lyon.fr\/wordpress\/wp-content\/uploads\/2020\/05\/jardine-en-tamusant-150x150.jpg\" class=\"attachment-thumbnail size-thumbnail wp-post-image\" alt=\"\" style=\"\" \/><\/div><a class=\"wp-block-latest-posts__post-title\" href=\"https:\/\/machine-a-lire.blog.ac-lyon.fr\/wordpress\/italiano\/11-jardine-en-tamusant-italiano\/\">11. Jardine en t&rsquo;amusant (italiano)<\/a><div class=\"wp-block-latest-posts__post-excerpt\">Fa giardinaggio divertendoti<\/div><\/li>\n<li><div class=\"wp-block-latest-posts__featured-image\"><img loading=\"lazy\" decoding=\"async\" width=\"150\" height=\"150\" src=\"https:\/\/machine-a-lire.blog.ac-lyon.fr\/wordpress\/wp-content\/uploads\/2020\/05\/Les-escargots-150x150.png\" class=\"attachment-thumbnail size-thumbnail wp-post-image\" alt=\"\" style=\"\" \/><\/div><a class=\"wp-block-latest-posts__post-title\" href=\"https:\/\/machine-a-lire.blog.ac-lyon.fr\/wordpress\/italiano\/12-lescargot-italiano\/\">12. L&rsquo;escargot (italiano)<\/a><div class=\"wp-block-latest-posts__post-excerpt\">La lumaca<\/div><\/li>\n<li><div class=\"wp-block-latest-posts__featured-image\"><img loading=\"lazy\" decoding=\"async\" width=\"150\" height=\"150\" src=\"https:\/\/machine-a-lire.blog.ac-lyon.fr\/wordpress\/wp-content\/uploads\/2020\/05\/Les-haricots-verts-de-Tim\u00e9o-150x150.jpg\" class=\"attachment-thumbnail size-thumbnail wp-post-image\" alt=\"\" style=\"\" \/><\/div><a class=\"wp-block-latest-posts__post-title\" href=\"https:\/\/machine-a-lire.blog.ac-lyon.fr\/wordpress\/italiano\/13-les-haricots-verts-de-timeo-italiano\/\">13. Les haricots verts de Tim\u00e9o (italiano)<\/a><div class=\"wp-block-latest-posts__post-excerpt\">I fagiolini di Timeo<\/div><\/li>\n<li><div class=\"wp-block-latest-posts__featured-image\"><img loading=\"lazy\" decoding=\"async\" width=\"150\" height=\"150\" src=\"https:\/\/machine-a-lire.blog.ac-lyon.fr\/wordpress\/wp-content\/uploads\/2020\/05\/sara-a-toujours-une-solution-150x150.jpg\" class=\"attachment-thumbnail size-thumbnail wp-post-image\" alt=\"\" style=\"\" \/><\/div><a class=\"wp-block-latest-posts__post-title\" href=\"https:\/\/machine-a-lire.blog.ac-lyon.fr\/wordpress\/italiano\/14-sara-a-toujours-une-solution-italiano-2\/\">14. Sara a toujours une solution (italiano)<\/a><div class=\"wp-block-latest-posts__post-excerpt\">Sara ha sempre una soluzione<\/div><\/li>\n<\/ul><\/div><\/div>\n<\/div>\n\n\n\n<p><\/p>\n","protected":false},"excerpt":{"rendered":"<p>Suo(a) figlio(a) ha la possibilit\u00e0 di sentire e di leggere testi&nbsp;; potr\u00e0 registrarsi. Consegne gli (le) sono date e sono state tradotte&nbsp;: cosi Lei potr\u00e0 aiutarlo(a). Domande che vertono sui testi sono state anche loro tradotte. Cos\u00ec Lei potr\u00e0 scambiare&#8230; <a class=\"more-link\" href=\"https:\/\/machine-a-lire.blog.ac-lyon.fr\/wordpress\/it\/\">Lire la suite &rarr;<\/a><\/p>\n","protected":false},"author":5,"featured_media":313,"parent":0,"menu_order":0,"comment_status":"closed","ping_status":"closed","template":"","meta":{"advgb_blocks_editor_width":"","advgb_blocks_columns_visual_guide":"","footnotes":""},"class_list":["post-288","page","type-page","status-publish","has-post-thumbnail","hentry"],"coauthors":[],"author_meta":{"author_link":"https:\/\/machine-a-lire.blog.ac-lyon.fr\/wordpress\/author\/daneblog\/","display_name":"Webmestre acad\u00e9mique"},"relative_dates":{"created":"Publi\u00e9 6 ans il y a","modified":"Mis \u00e0 jour 6 ans il y a"},"absolute_dates":{"created":"Publi\u00e9 le 7 mai 2020","modified":"Mise \u00e0 jour le 29 mai 2020"},"absolute_dates_time":{"created":"Publi\u00e9 le 7 mai 2020 15 h 17 min","modified":"Mise \u00e0 jour le 29 mai 2020 9 h 58 min"},"featured_img_caption":"","featured_img":"https:\/\/machine-a-lire.blog.ac-lyon.fr\/wordpress\/wp-content\/uploads\/2020\/05\/Logo-MAL-CP.jpg","series_order":"","_links":{"self":[{"href":"https:\/\/machine-a-lire.blog.ac-lyon.fr\/wordpress\/wp-json\/wp\/v2\/pages\/288","targetHints":{"allow":["GET"]}}],"collection":[{"href":"https:\/\/machine-a-lire.blog.ac-lyon.fr\/wordpress\/wp-json\/wp\/v2\/pages"}],"about":[{"href":"https:\/\/machine-a-lire.blog.ac-lyon.fr\/wordpress\/wp-json\/wp\/v2\/types\/page"}],"author":[{"embeddable":true,"href":"https:\/\/machine-a-lire.blog.ac-lyon.fr\/wordpress\/wp-json\/wp\/v2\/users\/5"}],"replies":[{"embeddable":true,"href":"https:\/\/machine-a-lire.blog.ac-lyon.fr\/wordpress\/wp-json\/wp\/v2\/comments?post=288"}],"version-history":[{"count":18,"href":"https:\/\/machine-a-lire.blog.ac-lyon.fr\/wordpress\/wp-json\/wp\/v2\/pages\/288\/revisions"}],"predecessor-version":[{"id":1316,"href":"https:\/\/machine-a-lire.blog.ac-lyon.fr\/wordpress\/wp-json\/wp\/v2\/pages\/288\/revisions\/1316"}],"wp:featuredmedia":[{"embeddable":true,"href":"https:\/\/machine-a-lire.blog.ac-lyon.fr\/wordpress\/wp-json\/wp\/v2\/media\/313"}],"wp:attachment":[{"href":"https:\/\/machine-a-lire.blog.ac-lyon.fr\/wordpress\/wp-json\/wp\/v2\/media?parent=288"}],"curies":[{"name":"wp","href":"https:\/\/api.w.org\/{rel}","templated":true}]}}