{"id":307,"date":"2020-05-07T15:46:08","date_gmt":"2020-05-07T13:46:08","guid":{"rendered":"https:\/\/machine-a-lire.blog.ac-lyon.fr\/wordpress\/?page_id=307"},"modified":"2020-05-29T10:06:13","modified_gmt":"2020-05-29T08:06:13","slug":"maquina-de-ler-1","status":"publish","type":"page","link":"https:\/\/machine-a-lire.blog.ac-lyon.fr\/wordpress\/pt\/","title":{"rendered":"M\u00e1quina de Ler 1"},"content":{"rendered":"\n<figure class=\"wp-block-audio\"><audio controls src=\"blob:https:\/\/machine-a-lire.blog.ac-lyon.fr\/8c8d3141-749e-42ac-b499-3b2a3ee06b4a\"><\/audio><\/figure>\n\n\n\n<p><em>O seu filho tem a possibilidade de escutar e ler o textos; ele pode registar-se. As instru\u00e7\u00f5es s\u00e3o dadas a ele e elas foram traduzidas para que voc\u00ea possa ajud\u00e1-lo..<\/em><\/p>\n\n\n\n<p><em>As perguntas sobre os textos tamb\u00e9m foram traduzidas. Isto lhe permite de interagir com seu filho usando a l\u00edngua em que voc\u00ea se sente mais avontade. Estas trocas ajudar\u00e3o seu filho a encontrar as respostas e a compreender o texto. Voc\u00ea tamb\u00e9m pode usar as perguntas para falar sobre outros assuntos relacionados com os textos. Por exemplo, o texto sobre o coala pode ser uma oportunidade para falar com seu filho sobre os animais, sobre aqueles que ele ama, aqueles que ele j\u00e1 observou, o que ele come, seu habitate, etc.<\/em><\/p>\n\n\n\n<div class=\"wp-block-advgb-accordions advgb-accordion-wrapper\" data-collapsed=\"true\">\n<div class=\"wp-block-advgb-accordion-item advgb-accordion-item\" style=\"margin-bottom:15px\"><div class=\"advgb-accordion-header\" style=\"background-color:#2196f3;color:#eee;border-style:dotted;border-radius:2px\"><span class=\"advgb-accordion-header-icon\"><svg fill=\"#fff\" xmlns=\"http:\/\/www.w3.org\/2000\/svg\" width=\"24\" height=\"24\" viewbox=\"0 0 24 24\"><path fill=\"none\" d=\"M0,0h24v24H0V0z\"><\/path><path d=\"M12,2C6.48,2,2,6.48,2,12s4.48,10,10,10s10-4.48,10-10S17.52,2,12,2z M17,13h-4v4h-2v-4H7v-2h4V7h2v4h4V13z\"><\/path><\/svg><\/span><h4 class=\"advgb-accordion-header-title\" style=\"color:inherit\">Como utiltizar a M\u00e1quina de Ler 1<\/h4><\/div><div class=\"advgb-accordion-body\" style=\"border-style:dotted !important;border-color:undefined !important;border-top:none !important;border-radius:2px !important\">\n<p>A m\u00e1quina de leitura permitir\u00e1 que seu filho trabalhe a leitura em voz alta sozinho ou com voc\u00ea.<\/p>\n\n\n\n<p>Afim de ler oralmente corretamente, \u00e9 essencial ter compreendido o texto que est\u00e1 sendo escutado. Para fazer isso, voc\u00ea pode ouvir com seu filho e fazer perguntas para descobrir o que ele entendeu, se necess\u00e1rio explicando-lhe o que aconteceu no que ele acabou de ouvir.<\/p>\n\n\n\n<h2 class=\"wp-block-heading\">V\u00e1rias etapas<\/h2>\n\n\n\n<h3 class=\"wp-block-heading\">Etapa 1<\/h3>\n\n\n\n<p>Na abertura da aplica\u00e7\u00e3o, s\u00e3o propostas v\u00e1rias hist\u00f3rias. Basta clicar sobre a hist\u00f3ria escolhida.<\/p>\n\n\n\n<figure class=\"wp-block-image size-large\"><img loading=\"lazy\" decoding=\"async\" width=\"1024\" height=\"640\" src=\"https:\/\/machine-a-lire.blog.ac-lyon.fr\/wordpress\/wp-content\/uploads\/2020\/05\/image-1024x640.jpg\" alt=\"\" class=\"wp-image-289\" srcset=\"https:\/\/machine-a-lire.blog.ac-lyon.fr\/wordpress\/wp-content\/uploads\/2020\/05\/image-1024x640.jpg 1024w, https:\/\/machine-a-lire.blog.ac-lyon.fr\/wordpress\/wp-content\/uploads\/2020\/05\/image-300x188.jpg 300w, https:\/\/machine-a-lire.blog.ac-lyon.fr\/wordpress\/wp-content\/uploads\/2020\/05\/image.jpg 1200w\" sizes=\"auto, (max-width: 1024px) 100vw, 1024px\" \/><\/figure>\n\n\n\n<h3 class=\"wp-block-heading\">Etapa 2<\/h3>\n\n\n\n<p>Solicita-se a escolher o n\u00edvel de dificuldade do trabalho a ser feito. O n\u00edvel 1 \u00e9 o mais f\u00e1cil, o n\u00edvel 3 \u00e9 o mais dif\u00edcil. (Ser\u00e1 poss\u00edvel de trocar de n\u00edvel a qualquer momento posterior).<\/p>\n\n\n\n<p>Depois pressione a seta para continuar.<\/p>\n\n\n\n<figure class=\"wp-block-image size-large\"><img loading=\"lazy\" decoding=\"async\" width=\"1024\" height=\"621\" src=\"https:\/\/machine-a-lire.blog.ac-lyon.fr\/wordpress\/wp-content\/uploads\/2020\/05\/image-1-1024x621.jpg\" alt=\"\" class=\"wp-image-290\" srcset=\"https:\/\/machine-a-lire.blog.ac-lyon.fr\/wordpress\/wp-content\/uploads\/2020\/05\/image-1-1024x621.jpg 1024w, https:\/\/machine-a-lire.blog.ac-lyon.fr\/wordpress\/wp-content\/uploads\/2020\/05\/image-1-300x182.jpg 300w, https:\/\/machine-a-lire.blog.ac-lyon.fr\/wordpress\/wp-content\/uploads\/2020\/05\/image-1.jpg 1200w\" sizes=\"auto, (max-width: 1024px) 100vw, 1024px\" \/><\/figure>\n\n\n\n<h3 class=\"wp-block-heading\">Etapa 3<\/h3>\n\n\n\n<p>O seu filho ouve o in\u00edcio da hist\u00f3ria. Nenhum texto \u00e9 exibido, apenas uma imagem, para permitir uma melhor concentra\u00e7\u00e3o na escuta. \u00c9 neste momento que pode ser interessante voc\u00ea ouvir com ele e question\u00e1-lo sobre o que ele entendeu antes de passar para a pr\u00f3xima etapa.<\/p>\n\n\n\n<figure class=\"wp-block-image size-large\"><img loading=\"lazy\" decoding=\"async\" width=\"1024\" height=\"622\" src=\"https:\/\/machine-a-lire.blog.ac-lyon.fr\/wordpress\/wp-content\/uploads\/2020\/05\/image-2-1024x622.jpg\" alt=\"\" class=\"wp-image-291\" srcset=\"https:\/\/machine-a-lire.blog.ac-lyon.fr\/wordpress\/wp-content\/uploads\/2020\/05\/image-2-1024x622.jpg 1024w, https:\/\/machine-a-lire.blog.ac-lyon.fr\/wordpress\/wp-content\/uploads\/2020\/05\/image-2-300x182.jpg 300w, https:\/\/machine-a-lire.blog.ac-lyon.fr\/wordpress\/wp-content\/uploads\/2020\/05\/image-2.jpg 1200w\" sizes=\"auto, (max-width: 1024px) 100vw, 1024px\" \/><\/figure>\n\n\n\n<h3 class=\"wp-block-heading\">Etapa 4<\/h3>\n\n\n\n<p>\u00c9-lhe pedido que leia a frase proposta e que a grave (pressione o bot\u00e3o azul). Se a frase for muito dif\u00edcil ou muito f\u00e1cil, o bot\u00e3o \u00ab\u00a0n\u00edvel\u00a0\u00bb permite-lhe de trocar o n\u00edvel dif\u00edcil .<\/p>\n\n\n\n<p>A crian\u00e7a pode praticar a leitura da frase antes de grav\u00e1-la ou ir diretamente para a grava\u00e7\u00e3o.<\/p>\n\n\n\n<p>Quando a frase for reproduzida, pressione STOP.<\/p>\n\n\n\n<figure class=\"wp-block-gallery columns-3 is-cropped wp-block-gallery-1\"><ul class=\"blocks-gallery-grid\"><li class=\"blocks-gallery-item\"><figure><a href=\"https:\/\/machine-a-lire.blog.ac-lyon.fr\/wordpress\/wp-content\/uploads\/2020\/05\/image.png\"><img loading=\"lazy\" decoding=\"async\" width=\"1024\" height=\"620\" src=\"https:\/\/machine-a-lire.blog.ac-lyon.fr\/wordpress\/wp-content\/uploads\/2020\/05\/image-1024x620.png\" alt=\"\" data-id=\"292\" data-full-url=\"https:\/\/machine-a-lire.blog.ac-lyon.fr\/wordpress\/wp-content\/uploads\/2020\/05\/image.png\" data-link=\"https:\/\/machine-a-lire.blog.ac-lyon.fr\/wordpress\/it\/macchina-da-leggere-1\/image-3\/\" class=\"wp-image-292\" srcset=\"https:\/\/machine-a-lire.blog.ac-lyon.fr\/wordpress\/wp-content\/uploads\/2020\/05\/image-1024x620.png 1024w, https:\/\/machine-a-lire.blog.ac-lyon.fr\/wordpress\/wp-content\/uploads\/2020\/05\/image-300x182.png 300w, https:\/\/machine-a-lire.blog.ac-lyon.fr\/wordpress\/wp-content\/uploads\/2020\/05\/image.png 1200w\" sizes=\"auto, (max-width: 1024px) 100vw, 1024px\" \/><\/a><\/figure><\/li><li class=\"blocks-gallery-item\"><figure><a href=\"https:\/\/machine-a-lire.blog.ac-lyon.fr\/wordpress\/wp-content\/uploads\/2020\/05\/image-2.png\"><img loading=\"lazy\" decoding=\"async\" width=\"1024\" height=\"620\" src=\"https:\/\/machine-a-lire.blog.ac-lyon.fr\/wordpress\/wp-content\/uploads\/2020\/05\/image-2-1024x620.png\" alt=\"\" data-id=\"294\" data-full-url=\"https:\/\/machine-a-lire.blog.ac-lyon.fr\/wordpress\/wp-content\/uploads\/2020\/05\/image-2.png\" data-link=\"https:\/\/machine-a-lire.blog.ac-lyon.fr\/wordpress\/it\/macchina-da-leggere-1\/image-2-2\/\" class=\"wp-image-294\" srcset=\"https:\/\/machine-a-lire.blog.ac-lyon.fr\/wordpress\/wp-content\/uploads\/2020\/05\/image-2-1024x620.png 1024w, https:\/\/machine-a-lire.blog.ac-lyon.fr\/wordpress\/wp-content\/uploads\/2020\/05\/image-2-300x182.png 300w, https:\/\/machine-a-lire.blog.ac-lyon.fr\/wordpress\/wp-content\/uploads\/2020\/05\/image-2.png 1200w\" sizes=\"auto, (max-width: 1024px) 100vw, 1024px\" \/><\/a><\/figure><\/li><li class=\"blocks-gallery-item\"><figure><a href=\"https:\/\/machine-a-lire.blog.ac-lyon.fr\/wordpress\/wp-content\/uploads\/2020\/05\/image-4.png\"><img loading=\"lazy\" decoding=\"async\" width=\"1024\" height=\"621\" src=\"https:\/\/machine-a-lire.blog.ac-lyon.fr\/wordpress\/wp-content\/uploads\/2020\/05\/image-4-1024x621.png\" alt=\"\" data-id=\"295\" data-full-url=\"https:\/\/machine-a-lire.blog.ac-lyon.fr\/wordpress\/wp-content\/uploads\/2020\/05\/image-4.png\" data-link=\"https:\/\/machine-a-lire.blog.ac-lyon.fr\/wordpress\/it\/macchina-da-leggere-1\/image-4\/\" class=\"wp-image-295 is-layout-flex wp-block-gallery-is-layout-flex\" srcset=\"https:\/\/machine-a-lire.blog.ac-lyon.fr\/wordpress\/wp-content\/uploads\/2020\/05\/image-4-1024x621.png 1024w, https:\/\/machine-a-lire.blog.ac-lyon.fr\/wordpress\/wp-content\/uploads\/2020\/05\/image-4-300x182.png 300w, https:\/\/machine-a-lire.blog.ac-lyon.fr\/wordpress\/wp-content\/uploads\/2020\/05\/image-4.png 1200w\" sizes=\"auto, (max-width: 1024px) 100vw, 1024px\" \/><\/a><\/figure><\/li><\/ul><\/figure>\n\n\n\n<h3 class=\"wp-block-heading\">Etapa 5<\/h3>\n\n\n\n<p>\u00c9 proposto a crian\u00e7a de ouvir o que ela gravou (bot\u00e3o alaranjado).<\/p>\n\n\n\n<p>A crian\u00e7a pode gravar a frase novamente (bot\u00e3o azul com o microfone).<\/p>\n\n\n\n<p>Alterar n\u00edvel (bot\u00e3o verde)<\/p>\n\n\n\n<p>V\u00e1 para o pr\u00f3ximo passo (bot\u00e3o azul com seta branca)<\/p>\n\n\n\n<figure class=\"wp-block-image size-large\"><img loading=\"lazy\" decoding=\"async\" width=\"1024\" height=\"621\" src=\"https:\/\/machine-a-lire.blog.ac-lyon.fr\/wordpress\/wp-content\/uploads\/2020\/05\/image-5-1024x621.jpg\" alt=\"\" class=\"wp-image-297\" srcset=\"https:\/\/machine-a-lire.blog.ac-lyon.fr\/wordpress\/wp-content\/uploads\/2020\/05\/image-5-1024x621.jpg 1024w, https:\/\/machine-a-lire.blog.ac-lyon.fr\/wordpress\/wp-content\/uploads\/2020\/05\/image-5-300x182.jpg 300w, https:\/\/machine-a-lire.blog.ac-lyon.fr\/wordpress\/wp-content\/uploads\/2020\/05\/image-5.jpg 1200w\" sizes=\"auto, (max-width: 1024px) 100vw, 1024px\" \/><\/figure>\n\n\n\n<h3 class=\"wp-block-heading\">Etapas seguintes<\/h3>\n\n\n\n<p>Repita as etapas 3 a 5 duas vezes e depois ou\u00e7a o final da hist\u00f3ria.<\/p>\n\n\n\n<h2 class=\"wp-block-heading\">Ouvir e\/ou gravar<\/h2>\n\n\n\n<p>\u00c9 proposto a crian\u00e7a de ouvir novamente toda a hist\u00f3ria em que as suas grava\u00e7\u00f5es foram inseridas. Duas solu\u00e7\u00f5es:<\/p>\n\n\n\n<p>&#8211; A crian\u00e7a ouve a hist\u00f3ria directamente. Ele pressiona sobre a imagem da crian\u00e7a que est\u00e1 lendo. Ent\u00e3o ele pode grav\u00e1-lo no tablet pressionando o bot\u00e3o azul ou sair do aplicativo se n\u00e3o quiser manter a sua hist\u00f3ria.<\/p>\n\n\n\n<p>&#8211; A crian\u00e7a grava a sua hist\u00f3ria antes de ouvir, para que a possa guardar. Ele pressiona a seta.<\/p>\n\n\n\n<p>Ele ter\u00e1 de escrever o seu primeiro nome. A hist\u00f3ria ser\u00e1 ent\u00e3o gravada na tablet . Ele vai encontr\u00e1-la na p\u00e1gina inicial da aplica\u00e7\u00e3o, no canto superior direito, em \u00ab\u00a0hist\u00f3rias gravadas\u00a0\u00bb e pode ouvi-la quantas vezes quiser.<\/p>\n\n\n\n<p>A mesma hist\u00f3ria pode ser gravada v\u00e1rias vezes com diferentes n\u00edveis de dificuldades.<\/p>\n\n\n\n<figure class=\"wp-block-gallery columns-3 is-cropped wp-block-gallery-2\"><ul class=\"blocks-gallery-grid\"><li class=\"blocks-gallery-item\"><figure><a href=\"https:\/\/machine-a-lire.blog.ac-lyon.fr\/wordpress\/wp-content\/uploads\/2020\/05\/image-5.png\"><img loading=\"lazy\" decoding=\"async\" width=\"639\" height=\"479\" src=\"https:\/\/machine-a-lire.blog.ac-lyon.fr\/wordpress\/wp-content\/uploads\/2020\/05\/image-5.png\" alt=\"\" data-id=\"298\" data-full-url=\"https:\/\/machine-a-lire.blog.ac-lyon.fr\/wordpress\/wp-content\/uploads\/2020\/05\/image-5.png\" data-link=\"https:\/\/machine-a-lire.blog.ac-lyon.fr\/wordpress\/it\/macchina-da-leggere-1\/image-5-2\/\" class=\"wp-image-298\" srcset=\"https:\/\/machine-a-lire.blog.ac-lyon.fr\/wordpress\/wp-content\/uploads\/2020\/05\/image-5.png 639w, https:\/\/machine-a-lire.blog.ac-lyon.fr\/wordpress\/wp-content\/uploads\/2020\/05\/image-5-300x225.png 300w\" sizes=\"auto, (max-width: 639px) 100vw, 639px\" \/><\/a><\/figure><\/li><li class=\"blocks-gallery-item\"><figure><a href=\"https:\/\/machine-a-lire.blog.ac-lyon.fr\/wordpress\/wp-content\/uploads\/2020\/05\/image-6.png\"><img loading=\"lazy\" decoding=\"async\" width=\"1024\" height=\"622\" src=\"https:\/\/machine-a-lire.blog.ac-lyon.fr\/wordpress\/wp-content\/uploads\/2020\/05\/image-6-1024x622.png\" alt=\"\" data-id=\"299\" data-full-url=\"https:\/\/machine-a-lire.blog.ac-lyon.fr\/wordpress\/wp-content\/uploads\/2020\/05\/image-6.png\" data-link=\"https:\/\/machine-a-lire.blog.ac-lyon.fr\/wordpress\/it\/macchina-da-leggere-1\/image-6\/\" class=\"wp-image-299\" srcset=\"https:\/\/machine-a-lire.blog.ac-lyon.fr\/wordpress\/wp-content\/uploads\/2020\/05\/image-6-1024x622.png 1024w, https:\/\/machine-a-lire.blog.ac-lyon.fr\/wordpress\/wp-content\/uploads\/2020\/05\/image-6-300x182.png 300w, https:\/\/machine-a-lire.blog.ac-lyon.fr\/wordpress\/wp-content\/uploads\/2020\/05\/image-6.png 1200w\" sizes=\"auto, (max-width: 1024px) 100vw, 1024px\" \/><\/a><\/figure><\/li><li class=\"blocks-gallery-item\"><figure><a href=\"https:\/\/machine-a-lire.blog.ac-lyon.fr\/wordpress\/wp-content\/uploads\/2020\/05\/Notice_derniere_vignette.jpg\"><img loading=\"lazy\" decoding=\"async\" width=\"1024\" height=\"582\" src=\"https:\/\/machine-a-lire.blog.ac-lyon.fr\/wordpress\/wp-content\/uploads\/2020\/05\/Notice_derniere_vignette-1024x582.jpg\" alt=\"\" data-id=\"393\" data-full-url=\"https:\/\/machine-a-lire.blog.ac-lyon.fr\/wordpress\/wp-content\/uploads\/2020\/05\/Notice_derniere_vignette.jpg\" data-link=\"https:\/\/machine-a-lire.blog.ac-lyon.fr\/wordpress\/notice_derniere_vignette\/\" class=\"wp-image-393 is-layout-flex wp-block-gallery-is-layout-flex\" srcset=\"https:\/\/machine-a-lire.blog.ac-lyon.fr\/wordpress\/wp-content\/uploads\/2020\/05\/Notice_derniere_vignette-1024x582.jpg 1024w, https:\/\/machine-a-lire.blog.ac-lyon.fr\/wordpress\/wp-content\/uploads\/2020\/05\/Notice_derniere_vignette-300x171.jpg 300w, https:\/\/machine-a-lire.blog.ac-lyon.fr\/wordpress\/wp-content\/uploads\/2020\/05\/Notice_derniere_vignette.jpg 1200w\" sizes=\"auto, (max-width: 1024px) 100vw, 1024px\" \/><\/a><\/figure><\/li><\/ul><\/figure>\n<\/div><\/div>\n\n\n\n<div class=\"wp-block-advgb-accordion-item advgb-accordion-item accordeon-histoires\" style=\"margin-bottom:15px\"><div class=\"advgb-accordion-header\" style=\"background-color:#2196f3;color:#eee;border-style:dotted;border-radius:2px\"><span class=\"advgb-accordion-header-icon\"><svg fill=\"#fff\" xmlns=\"http:\/\/www.w3.org\/2000\/svg\" width=\"24\" height=\"24\" viewbox=\"0 0 24 24\"><path fill=\"none\" d=\"M0,0h24v24H0V0z\"><\/path><path d=\"M12,2C6.48,2,2,6.48,2,12s4.48,10,10,10s10-4.48,10-10S17.52,2,12,2z M17,13h-4v4h-2v-4H7v-2h4V7h2v4h4V13z\"><\/path><\/svg><\/span><h4 class=\"advgb-accordion-header-title\" style=\"color:inherit\">Hist\u00f3rias<\/h4><\/div><div class=\"advgb-accordion-body\" style=\"border-style:dotted !important;border-color:undefined !important;border-top:none !important;border-radius:2px !important\"><ul class=\"wp-block-latest-posts__list is-grid columns-3 wp-block-latest-posts\"><li><div class=\"wp-block-latest-posts__featured-image\"><img loading=\"lazy\" decoding=\"async\" width=\"150\" height=\"150\" src=\"https:\/\/machine-a-lire.blog.ac-lyon.fr\/wordpress\/wp-content\/uploads\/2020\/05\/\u00c9pouvantail-voyageur-150x150.jpg\" class=\"attachment-thumbnail size-thumbnail wp-post-image\" alt=\"\" style=\"\" \/><\/div><a class=\"wp-block-latest-posts__post-title\" href=\"https:\/\/machine-a-lire.blog.ac-lyon.fr\/wordpress\/portugues\/01-lepouvantail-voyageur-portugues\/\">01. L&rsquo;\u00e9pouvantail voyageur (portugu\u00eas)<\/a><div class=\"wp-block-latest-posts__post-excerpt\">O espantalho viajante<\/div><\/li>\n<li><div class=\"wp-block-latest-posts__featured-image\"><img loading=\"lazy\" decoding=\"async\" width=\"150\" height=\"150\" src=\"https:\/\/machine-a-lire.blog.ac-lyon.fr\/wordpress\/wp-content\/uploads\/2020\/05\/Reve-vendu-150x150.jpg\" class=\"attachment-thumbnail size-thumbnail wp-post-image\" alt=\"\" style=\"\" \/><\/div><a class=\"wp-block-latest-posts__post-title\" href=\"https:\/\/machine-a-lire.blog.ac-lyon.fr\/wordpress\/portugues\/02-le-reve-vendu-portugues\/\">02. Le r\u00eave vendu (portugu\u00eas)<\/a><div class=\"wp-block-latest-posts__post-excerpt\">O sonho vendido<\/div><\/li>\n<li><div class=\"wp-block-latest-posts__featured-image\"><img loading=\"lazy\" decoding=\"async\" width=\"150\" height=\"150\" src=\"https:\/\/machine-a-lire.blog.ac-lyon.fr\/wordpress\/wp-content\/uploads\/2020\/05\/Accus\u00e9e-levez-vous-150x150.jpg\" class=\"attachment-thumbnail size-thumbnail wp-post-image\" alt=\"\" style=\"\" \/><\/div><a class=\"wp-block-latest-posts__post-title\" href=\"https:\/\/machine-a-lire.blog.ac-lyon.fr\/wordpress\/portugues\/03-accusee-levez-vous-portugues\/\">03. Accus\u00e9e, levez-vous ! (portugu\u00eas)<\/a><div class=\"wp-block-latest-posts__post-excerpt\">Acusado, levante-se!\n<\/div><\/li>\n<li><div class=\"wp-block-latest-posts__featured-image\"><img loading=\"lazy\" decoding=\"async\" width=\"150\" height=\"150\" src=\"https:\/\/machine-a-lire.blog.ac-lyon.fr\/wordpress\/wp-content\/uploads\/2020\/05\/Aventures-au-sommet-dun-arbre-150x150.jpg\" class=\"attachment-thumbnail size-thumbnail wp-post-image\" alt=\"\" style=\"\" \/><\/div><a class=\"wp-block-latest-posts__post-title\" href=\"https:\/\/machine-a-lire.blog.ac-lyon.fr\/wordpress\/portugues\/04-aventures-au-sommet-dun-arbre-portugues\/\">04. Aventures au sommet d&rsquo;un arbre (portugu\u00eas)<\/a><div class=\"wp-block-latest-posts__post-excerpt\">Aventuras no topo de uma \u00e1rvore<\/div><\/li>\n<li><div class=\"wp-block-latest-posts__featured-image\"><img loading=\"lazy\" decoding=\"async\" width=\"150\" height=\"150\" src=\"https:\/\/machine-a-lire.blog.ac-lyon.fr\/wordpress\/wp-content\/uploads\/2020\/05\/Le-koala-150x150.jpg\" class=\"attachment-thumbnail size-thumbnail wp-post-image\" alt=\"\" style=\"\" \/><\/div><a class=\"wp-block-latest-posts__post-title\" href=\"https:\/\/machine-a-lire.blog.ac-lyon.fr\/wordpress\/portugues\/05-le-koala-portugues\/\">05. Le koala (portugu\u00eas)<\/a><div class=\"wp-block-latest-posts__post-excerpt\">O koala<\/div><\/li>\n<li><div class=\"wp-block-latest-posts__featured-image\"><img loading=\"lazy\" decoding=\"async\" width=\"150\" height=\"150\" src=\"https:\/\/machine-a-lire.blog.ac-lyon.fr\/wordpress\/wp-content\/uploads\/2020\/05\/Le-li\u00e8vre-et-le-Grand-G\u00e9nie-de-la-brousse-1-150x150.jpg\" class=\"attachment-thumbnail size-thumbnail wp-post-image\" alt=\"\" style=\"\" \/><\/div><a class=\"wp-block-latest-posts__post-title\" href=\"https:\/\/machine-a-lire.blog.ac-lyon.fr\/wordpress\/portugues\/06-le-lievre-et-le-grand-genie-de-la-brousse-portugues\/\">06. Le li\u00e8vre et le Grand G\u00e9nie de la brousse (portugu\u00eas)<\/a><div class=\"wp-block-latest-posts__post-excerpt\">A Lebre e o Grande G\u00eanio do mato\n<\/div><\/li>\n<li><div class=\"wp-block-latest-posts__featured-image\"><img loading=\"lazy\" decoding=\"async\" width=\"150\" height=\"150\" src=\"https:\/\/machine-a-lire.blog.ac-lyon.fr\/wordpress\/wp-content\/uploads\/2020\/05\/Les-singes-et-la-s\u00e9cheresse-150x150.jpg\" class=\"attachment-thumbnail size-thumbnail wp-post-image\" alt=\"\" style=\"\" \/><\/div><a class=\"wp-block-latest-posts__post-title\" href=\"https:\/\/machine-a-lire.blog.ac-lyon.fr\/wordpress\/portugues\/07-les-singes-et-la-secheresse-portugues\/\">07. Les singes et la s\u00e9cheresse (portugu\u00eas)<\/a><div class=\"wp-block-latest-posts__post-excerpt\">Os macacos e a seca<\/div><\/li>\n<li><div class=\"wp-block-latest-posts__featured-image\"><img loading=\"lazy\" decoding=\"async\" width=\"150\" height=\"150\" src=\"https:\/\/machine-a-lire.blog.ac-lyon.fr\/wordpress\/wp-content\/uploads\/2020\/05\/Monsieur-Pou-d\u00e9m\u00e9nage-150x150.jpg\" class=\"attachment-thumbnail size-thumbnail wp-post-image\" alt=\"\" style=\"\" \/><\/div><a class=\"wp-block-latest-posts__post-title\" href=\"https:\/\/machine-a-lire.blog.ac-lyon.fr\/wordpress\/portugues\/08-monsieur-pou-demenage-portugues\/\">08. Monsieur Pou d\u00e9m\u00e9nage (portugu\u00eas)<\/a><div class=\"wp-block-latest-posts__post-excerpt\">O senhor Pou(piolho) se muda<\/div><\/li>\n<li><div class=\"wp-block-latest-posts__featured-image\"><img loading=\"lazy\" decoding=\"async\" width=\"150\" height=\"150\" src=\"https:\/\/machine-a-lire.blog.ac-lyon.fr\/wordpress\/wp-content\/uploads\/2020\/05\/Pitane-ne-saime-pas-150x150.jpg\" class=\"attachment-thumbnail size-thumbnail wp-post-image\" alt=\"\" style=\"\" \/><\/div><a class=\"wp-block-latest-posts__post-title\" href=\"https:\/\/machine-a-lire.blog.ac-lyon.fr\/wordpress\/portugues\/09-pinane-ne-saime-pas-portugues\/\">09. Pitane ne s&rsquo;aime pas (portugu\u00eas)<\/a><div class=\"wp-block-latest-posts__post-excerpt\">Pitane n\u00e3o gosta de si mesmo<\/div><\/li>\n<li><div class=\"wp-block-latest-posts__featured-image\"><img loading=\"lazy\" decoding=\"async\" width=\"150\" height=\"150\" src=\"https:\/\/machine-a-lire.blog.ac-lyon.fr\/wordpress\/wp-content\/uploads\/2020\/05\/La-tour-Eiffel-150x150.jpg\" class=\"attachment-thumbnail size-thumbnail wp-post-image\" alt=\"\" style=\"\" \/><\/div><a class=\"wp-block-latest-posts__post-title\" href=\"https:\/\/machine-a-lire.blog.ac-lyon.fr\/wordpress\/portugues\/10-la-tour-eiffel-portugues\/\">10. La tour Eiffel (portugu\u00eas)<\/a><div class=\"wp-block-latest-posts__post-excerpt\">A torre Eiffel<\/div><\/li>\n<li><div class=\"wp-block-latest-posts__featured-image\"><img loading=\"lazy\" decoding=\"async\" width=\"150\" height=\"150\" src=\"https:\/\/machine-a-lire.blog.ac-lyon.fr\/wordpress\/wp-content\/uploads\/2020\/05\/jardine-en-tamusant-150x150.jpg\" class=\"attachment-thumbnail size-thumbnail wp-post-image\" alt=\"\" style=\"\" \/><\/div><a class=\"wp-block-latest-posts__post-title\" href=\"https:\/\/machine-a-lire.blog.ac-lyon.fr\/wordpress\/portugues\/11-jardine-en-tamusant-portugues\/\">11. Jardine en t&rsquo;amusant (portugu\u00eas)<\/a><div class=\"wp-block-latest-posts__post-excerpt\">Jardinagem enquanto se diverte<\/div><\/li>\n<li><div class=\"wp-block-latest-posts__featured-image\"><img loading=\"lazy\" decoding=\"async\" width=\"150\" height=\"150\" src=\"https:\/\/machine-a-lire.blog.ac-lyon.fr\/wordpress\/wp-content\/uploads\/2020\/05\/Les-escargots-150x150.png\" class=\"attachment-thumbnail size-thumbnail wp-post-image\" alt=\"\" style=\"\" \/><\/div><a class=\"wp-block-latest-posts__post-title\" href=\"https:\/\/machine-a-lire.blog.ac-lyon.fr\/wordpress\/portugues\/12-lescargot-portugues\/\">12. L&rsquo;escargot (portugu\u00eas)<\/a><div class=\"wp-block-latest-posts__post-excerpt\">O caracol<\/div><\/li>\n<li><div class=\"wp-block-latest-posts__featured-image\"><img loading=\"lazy\" decoding=\"async\" width=\"150\" height=\"150\" src=\"https:\/\/machine-a-lire.blog.ac-lyon.fr\/wordpress\/wp-content\/uploads\/2020\/05\/Les-haricots-verts-de-Tim\u00e9o-150x150.jpg\" class=\"attachment-thumbnail size-thumbnail wp-post-image\" alt=\"\" style=\"\" \/><\/div><a class=\"wp-block-latest-posts__post-title\" href=\"https:\/\/machine-a-lire.blog.ac-lyon.fr\/wordpress\/portugues\/13-les-haricots-verts-de-timeo-portugues\/\">13. Les haricots verts de Tim\u00e9o (portugu\u00eas)<\/a><div class=\"wp-block-latest-posts__post-excerpt\">O Feij\u00e3o Verde de Tim\u00e9o<\/div><\/li>\n<li><div class=\"wp-block-latest-posts__featured-image\"><img loading=\"lazy\" decoding=\"async\" width=\"150\" height=\"150\" src=\"https:\/\/machine-a-lire.blog.ac-lyon.fr\/wordpress\/wp-content\/uploads\/2020\/05\/sara-a-toujours-une-solution-150x150.jpg\" class=\"attachment-thumbnail size-thumbnail wp-post-image\" alt=\"\" style=\"\" \/><\/div><a class=\"wp-block-latest-posts__post-title\" href=\"https:\/\/machine-a-lire.blog.ac-lyon.fr\/wordpress\/portugues\/14-sara-a-toujours-une-solution-portugues-2\/\">14. Sara a toujours une solution (portugu\u00eas)<\/a><div class=\"wp-block-latest-posts__post-excerpt\">Sara tem sempre uma solu\u00e7\u00e3o<\/div><\/li>\n<\/ul><\/div><\/div>\n<\/div>\n","protected":false},"excerpt":{"rendered":"<p>O seu filho tem a possibilidade de escutar e ler o textos; ele pode registar-se. As instru\u00e7\u00f5es s\u00e3o dadas a ele e elas foram traduzidas para que voc\u00ea possa ajud\u00e1-lo.. As perguntas sobre os textos tamb\u00e9m foram traduzidas. Isto lhe&#8230; <a class=\"more-link\" href=\"https:\/\/machine-a-lire.blog.ac-lyon.fr\/wordpress\/pt\/\">Lire la suite &rarr;<\/a><\/p>\n","protected":false},"author":5,"featured_media":313,"parent":0,"menu_order":0,"comment_status":"closed","ping_status":"closed","template":"","meta":{"advgb_blocks_editor_width":"","advgb_blocks_columns_visual_guide":"","footnotes":""},"class_list":["post-307","page","type-page","status-publish","has-post-thumbnail","hentry"],"coauthors":[],"author_meta":{"author_link":"https:\/\/machine-a-lire.blog.ac-lyon.fr\/wordpress\/author\/daneblog\/","display_name":"Webmestre acad\u00e9mique"},"relative_dates":{"created":"Publi\u00e9 6 ans il y a","modified":"Mis \u00e0 jour 6 ans il y a"},"absolute_dates":{"created":"Publi\u00e9 le 7 mai 2020","modified":"Mise \u00e0 jour le 29 mai 2020"},"absolute_dates_time":{"created":"Publi\u00e9 le 7 mai 2020 15 h 46 min","modified":"Mise \u00e0 jour le 29 mai 2020 10 h 06 min"},"featured_img_caption":"","featured_img":"https:\/\/machine-a-lire.blog.ac-lyon.fr\/wordpress\/wp-content\/uploads\/2020\/05\/Logo-MAL-CP.jpg","series_order":"","_links":{"self":[{"href":"https:\/\/machine-a-lire.blog.ac-lyon.fr\/wordpress\/wp-json\/wp\/v2\/pages\/307","targetHints":{"allow":["GET"]}}],"collection":[{"href":"https:\/\/machine-a-lire.blog.ac-lyon.fr\/wordpress\/wp-json\/wp\/v2\/pages"}],"about":[{"href":"https:\/\/machine-a-lire.blog.ac-lyon.fr\/wordpress\/wp-json\/wp\/v2\/types\/page"}],"author":[{"embeddable":true,"href":"https:\/\/machine-a-lire.blog.ac-lyon.fr\/wordpress\/wp-json\/wp\/v2\/users\/5"}],"replies":[{"embeddable":true,"href":"https:\/\/machine-a-lire.blog.ac-lyon.fr\/wordpress\/wp-json\/wp\/v2\/comments?post=307"}],"version-history":[{"count":7,"href":"https:\/\/machine-a-lire.blog.ac-lyon.fr\/wordpress\/wp-json\/wp\/v2\/pages\/307\/revisions"}],"predecessor-version":[{"id":1321,"href":"https:\/\/machine-a-lire.blog.ac-lyon.fr\/wordpress\/wp-json\/wp\/v2\/pages\/307\/revisions\/1321"}],"wp:featuredmedia":[{"embeddable":true,"href":"https:\/\/machine-a-lire.blog.ac-lyon.fr\/wordpress\/wp-json\/wp\/v2\/media\/313"}],"wp:attachment":[{"href":"https:\/\/machine-a-lire.blog.ac-lyon.fr\/wordpress\/wp-json\/wp\/v2\/media?parent=307"}],"curies":[{"name":"wp","href":"https:\/\/api.w.org\/{rel}","templated":true}]}}