{"id":327,"date":"2020-05-07T16:59:13","date_gmt":"2020-05-07T14:59:13","guid":{"rendered":"https:\/\/machine-a-lire.blog.ac-lyon.fr\/wordpress\/?page_id=327"},"modified":"2020-05-29T10:17:55","modified_gmt":"2020-05-29T08:17:55","slug":"en-attente","status":"publish","type":"page","link":"https:\/\/machine-a-lire.blog.ac-lyon.fr\/wordpress\/zdj\/","title":{"rendered":"Machini ya houssoma"},"content":{"rendered":"\n<p><em>Moina oignou a tsopara a voulichi\u00e9 roudi assom\u00e9 zi trou zaguiya&nbsp;; atsojouoi adji enrigistr\u00e9.rissi mou\u00e9l\u00e9dzani, dr\u00e9 zinou riztafoussuri&nbsp;: vavo mou tso shidra moumsaydiy\u00e9.<\/em><\/p>\n\n\n\n<p><em>Ri tafoussuri oijaou mkabala oizi trogo assoma zi trogo moutsojouoio momdziss\u00e9. Vavo, mtsochidra na oumoina mouroumiy\u00e9 yi louha yi mjiviyaoni. Malagozi yayo,<\/em><\/p>\n\n\n\n<p><em>oumsayidiya ou moina a y\u00e9l\u00e9ou\u00e9 ou mssomo. Mtsojouoi moum dziss\u00e9 trogo zaguina, b\u00e9 zifanao na zil\u00e9 assoma. N\u00e9ka assissoma yi hadissi ya yi kaola, mtsojouoi mhadissi zignama&nbsp;zi mjiviyao, hali ziy\u00e9chio.<\/em><\/p>\n\n\n\n<div class=\"wp-block-advgb-accordions advgb-accordion-wrapper\" data-collapsed=\"true\">\n<div class=\"wp-block-advgb-accordion-item advgb-accordion-item\" style=\"margin-bottom:15px\"><div class=\"advgb-accordion-header\" style=\"background-color:#2196f3;color:#eee;border-style:dotted;border-radius:2px\"><span class=\"advgb-accordion-header-icon\"><svg fill=\"#fff\" xmlns=\"http:\/\/www.w3.org\/2000\/svg\" width=\"24\" height=\"24\" viewbox=\"0 0 24 24\"><path fill=\"none\" d=\"M0,0h24v24H0V0z\"><\/path><path d=\"M12,2C6.48,2,2,6.48,2,12s4.48,10,10,10s10-4.48,10-10S17.52,2,12,2z M17,13h-4v4h-2v-4H7v-2h4V7h2v4h4V13z\"><\/path><\/svg><\/span><h4 class=\"advgb-accordion-header-title\" style=\"color:inherit\">Mtrou ouroumiya j\u00e9j\u00e9 y Machini ya houssoma<\/h4><\/div><div class=\"advgb-accordion-body\" style=\"border-style:dotted !important;border-color:undefined !important;border-top:none !important;border-radius:2px !important\">\n<p>Y machini ya houssoma y tso msaydiya oumoina assom\u00e9 ha liji lah\u00e9 moumki\u00e9&nbsp;: atsojouoi assom\u00e9 ou\u00e9k\u00e9 , aou assom\u00e9 na oigny, na bah\u00e9, na mah\u00e9.<br>Oiy\u00e9 houchidra assom\u00e9 f\u00e9tr\u00e9, naji dribavou, yssi lazimou yk\u00e9 amba a y\u00e9l\u00e9oi oumssomo oul\u00e9 aouvoulichia. Vavo outso voulichiya oumssomo naoumoina, oumdziss\u00e9 y trogo ay\u00e9l\u00e9oi, n\u00e9ka kay\u00e9l\u00e9oi f\u00e9tr\u00e9, outso mouy\u00e9l\u00e9dza.<\/p>\n\n\n\n<h2 class=\"wp-block-heading\">Trogos zalazimou oufagn\u00e9<\/h2>\n\n\n\n<h3 class=\"wp-block-heading\">Trogo 1<\/h3>\n\n\n\n<p>Hari moyi \u00e9cran, application, mouss\u00e9gn\u00e9ssioi hadissign\u00e9gui mtrou oufagna clic oujou ya yihadissi atsa ho a yvoulichi\u00e9.<\/p>\n\n\n\n<figure class=\"wp-block-image size-large\"><img loading=\"lazy\" decoding=\"async\" width=\"1024\" height=\"640\" src=\"https:\/\/machine-a-lire.blog.ac-lyon.fr\/wordpress\/wp-content\/uploads\/2020\/05\/image-1024x640.jpg\" alt=\"\" class=\"wp-image-289\" srcset=\"https:\/\/machine-a-lire.blog.ac-lyon.fr\/wordpress\/wp-content\/uploads\/2020\/05\/image-1024x640.jpg 1024w, https:\/\/machine-a-lire.blog.ac-lyon.fr\/wordpress\/wp-content\/uploads\/2020\/05\/image-300x188.jpg 300w, https:\/\/machine-a-lire.blog.ac-lyon.fr\/wordpress\/wp-content\/uploads\/2020\/05\/image.jpg 1200w\" sizes=\"auto, (max-width: 1024px) 100vw, 1024px\" \/><\/figure>\n\n\n\n<h3 class=\"wp-block-heading\">Trogo 2<\/h3>\n\n\n\n<p>Dr\u00e9oumssomo, voi moingou, voi mtzitro&nbsp;: moingou kabissa, dr\u00e9 oihandra1, oumdzitro, dr\u00e9 oitrarou3(b\u00e9 mtrou oujouoi abouzoudza&nbsp;: voi oikati, atso tsahouoi oumdzitro, vaoikati atso tsahouoi oumoingou)<br>Yvo outso bamba y fl\u00e8che par\u00e9 ou\u00e9ndr\u00e9 b\u00e9li.<\/p>\n\n\n\n<figure class=\"wp-block-image size-large\"><img loading=\"lazy\" decoding=\"async\" width=\"1024\" height=\"621\" src=\"https:\/\/machine-a-lire.blog.ac-lyon.fr\/wordpress\/wp-content\/uploads\/2020\/05\/image-1-1024x621.jpg\" alt=\"\" class=\"wp-image-290\" srcset=\"https:\/\/machine-a-lire.blog.ac-lyon.fr\/wordpress\/wp-content\/uploads\/2020\/05\/image-1-1024x621.jpg 1024w, https:\/\/machine-a-lire.blog.ac-lyon.fr\/wordpress\/wp-content\/uploads\/2020\/05\/image-1-300x182.jpg 300w, https:\/\/machine-a-lire.blog.ac-lyon.fr\/wordpress\/wp-content\/uploads\/2020\/05\/image-1.jpg 1200w\" sizes=\"auto, (max-width: 1024px) 100vw, 1024px\" \/><\/figure>\n\n\n\n<h3 class=\"wp-block-heading\">Trogo 3<\/h3>\n\n\n\n<p>Oumoina assivoulichiya y hadissi. Hari moiecran, kavoutsoh\u00e9ya chitrou chaguina, oila sanomeu moja&nbsp;: halilo, atso voulichiya fetro oumssomo. Vavo ytsoka fetr\u00e9 mou voulichi\u00e9, oieu na oiy\u00e9, yvo, oumdzich\u00e9 trogo ay\u00e9l\u00e9oi<\/p>\n\n\n\n<figure class=\"wp-block-image size-large\"><img loading=\"lazy\" decoding=\"async\" width=\"1024\" height=\"622\" src=\"https:\/\/machine-a-lire.blog.ac-lyon.fr\/wordpress\/wp-content\/uploads\/2020\/05\/image-2-1024x622.jpg\" alt=\"\" class=\"wp-image-291\" srcset=\"https:\/\/machine-a-lire.blog.ac-lyon.fr\/wordpress\/wp-content\/uploads\/2020\/05\/image-2-1024x622.jpg 1024w, https:\/\/machine-a-lire.blog.ac-lyon.fr\/wordpress\/wp-content\/uploads\/2020\/05\/image-2-300x182.jpg 300w, https:\/\/machine-a-lire.blog.ac-lyon.fr\/wordpress\/wp-content\/uploads\/2020\/05\/image-2.jpg 1200w\" sizes=\"auto, (max-width: 1024px) 100vw, 1024px\" \/><\/figure>\n\n\n\n<h3 class=\"wp-block-heading\">Trogo 4<\/h3>\n\n\n\n<p>Moimbiy\u00e9 oumoina assom\u00e9 oumssomo ouliyou oujou moiecran, yvo aouenregistr\u00e9(tr\u00e9 ybouton bleu tr\u00e9 atso ybamba). N\u00e9ka mssomo<br>oimdzitro aoumoingou, atsoroumiya y bouton&nbsp;\u00ab&nbsp;niveau&nbsp;\u00bb, abadili.<br>Oumoina atsojouoi assom\u00e9 yvo aenregistr\u00e9 aou atsojouoi aenregistr\u00e9tou.<br>Ahimalidza oumssomo, atso sika y bouton STOP<\/p>\n\n\n\n<figure class=\"wp-block-gallery columns-3 is-cropped wp-block-gallery-1\"><ul class=\"blocks-gallery-grid\"><li class=\"blocks-gallery-item\"><figure><a href=\"https:\/\/machine-a-lire.blog.ac-lyon.fr\/wordpress\/wp-content\/uploads\/2020\/05\/image.png\"><img loading=\"lazy\" decoding=\"async\" width=\"1024\" height=\"620\" src=\"https:\/\/machine-a-lire.blog.ac-lyon.fr\/wordpress\/wp-content\/uploads\/2020\/05\/image-1024x620.png\" alt=\"\" data-id=\"292\" data-full-url=\"https:\/\/machine-a-lire.blog.ac-lyon.fr\/wordpress\/wp-content\/uploads\/2020\/05\/image.png\" data-link=\"https:\/\/machine-a-lire.blog.ac-lyon.fr\/wordpress\/it\/macchina-da-leggere-1\/image-3\/\" class=\"wp-image-292\" srcset=\"https:\/\/machine-a-lire.blog.ac-lyon.fr\/wordpress\/wp-content\/uploads\/2020\/05\/image-1024x620.png 1024w, https:\/\/machine-a-lire.blog.ac-lyon.fr\/wordpress\/wp-content\/uploads\/2020\/05\/image-300x182.png 300w, https:\/\/machine-a-lire.blog.ac-lyon.fr\/wordpress\/wp-content\/uploads\/2020\/05\/image.png 1200w\" sizes=\"auto, (max-width: 1024px) 100vw, 1024px\" \/><\/a><\/figure><\/li><li class=\"blocks-gallery-item\"><figure><a href=\"https:\/\/machine-a-lire.blog.ac-lyon.fr\/wordpress\/wp-content\/uploads\/2020\/05\/image-2.png\"><img loading=\"lazy\" decoding=\"async\" width=\"1024\" height=\"620\" src=\"https:\/\/machine-a-lire.blog.ac-lyon.fr\/wordpress\/wp-content\/uploads\/2020\/05\/image-2-1024x620.png\" alt=\"\" data-id=\"294\" data-full-url=\"https:\/\/machine-a-lire.blog.ac-lyon.fr\/wordpress\/wp-content\/uploads\/2020\/05\/image-2.png\" data-link=\"https:\/\/machine-a-lire.blog.ac-lyon.fr\/wordpress\/it\/macchina-da-leggere-1\/image-2-2\/\" class=\"wp-image-294\" srcset=\"https:\/\/machine-a-lire.blog.ac-lyon.fr\/wordpress\/wp-content\/uploads\/2020\/05\/image-2-1024x620.png 1024w, https:\/\/machine-a-lire.blog.ac-lyon.fr\/wordpress\/wp-content\/uploads\/2020\/05\/image-2-300x182.png 300w, https:\/\/machine-a-lire.blog.ac-lyon.fr\/wordpress\/wp-content\/uploads\/2020\/05\/image-2.png 1200w\" sizes=\"auto, (max-width: 1024px) 100vw, 1024px\" \/><\/a><\/figure><\/li><li class=\"blocks-gallery-item\"><figure><a href=\"https:\/\/machine-a-lire.blog.ac-lyon.fr\/wordpress\/wp-content\/uploads\/2020\/05\/image-4.png\"><img loading=\"lazy\" decoding=\"async\" width=\"1024\" height=\"621\" src=\"https:\/\/machine-a-lire.blog.ac-lyon.fr\/wordpress\/wp-content\/uploads\/2020\/05\/image-4-1024x621.png\" alt=\"\" data-id=\"295\" data-full-url=\"https:\/\/machine-a-lire.blog.ac-lyon.fr\/wordpress\/wp-content\/uploads\/2020\/05\/image-4.png\" data-link=\"https:\/\/machine-a-lire.blog.ac-lyon.fr\/wordpress\/it\/macchina-da-leggere-1\/image-4\/\" class=\"wp-image-295 is-layout-flex wp-block-gallery-is-layout-flex\" srcset=\"https:\/\/machine-a-lire.blog.ac-lyon.fr\/wordpress\/wp-content\/uploads\/2020\/05\/image-4-1024x621.png 1024w, https:\/\/machine-a-lire.blog.ac-lyon.fr\/wordpress\/wp-content\/uploads\/2020\/05\/image-4-300x182.png 300w, https:\/\/machine-a-lire.blog.ac-lyon.fr\/wordpress\/wp-content\/uploads\/2020\/05\/image-4.png 1200w\" sizes=\"auto, (max-width: 1024px) 100vw, 1024px\" \/><\/a><\/figure><\/li><\/ul><\/figure>\n\n\n\n<h3 class=\"wp-block-heading\">Trogo 5<\/h3>\n\n\n\n<p>Moimbi\u00e9 oumoina avoulichi\u00e9 oumssomo aouenregistr\u00e9(bouton orange)<br>Moinamtsa atsojouoi aenregistr\u00e9 quirayavili oumssomo(bouton bleu avec le micro)<br>Atsojouoi abouzodz\u00e9 oudziro oimssomo(bouton vert)<br>Angali\u00e9 trogo yaguina yamssomo(bouton bleu avec fl\u00e8che).<\/p>\n\n\n\n<figure class=\"wp-block-image size-large\"><img loading=\"lazy\" decoding=\"async\" width=\"1024\" height=\"621\" src=\"https:\/\/machine-a-lire.blog.ac-lyon.fr\/wordpress\/wp-content\/uploads\/2020\/05\/image-5-1024x621.jpg\" alt=\"\" class=\"wp-image-297\" srcset=\"https:\/\/machine-a-lire.blog.ac-lyon.fr\/wordpress\/wp-content\/uploads\/2020\/05\/image-5-1024x621.jpg 1024w, https:\/\/machine-a-lire.blog.ac-lyon.fr\/wordpress\/wp-content\/uploads\/2020\/05\/image-5-300x182.jpg 300w, https:\/\/machine-a-lire.blog.ac-lyon.fr\/wordpress\/wp-content\/uploads\/2020\/05\/image-5.jpg 1200w\" sizes=\"auto, (max-width: 1024px) 100vw, 1024px\" \/><\/figure>\n\n\n\n<h3 class=\"wp-block-heading\">Trogos za droga<\/h3>\n\n\n\n<p>Mtrou ouregueya gnagou y trogo yararou ta houpara yatsanou mara bili yvo avoulichi\u00e9 oumouisso oi yihadissi.<\/p>\n\n\n\n<h2 class=\"wp-block-heading\">Atsojouoi avoulichi\u00e9 aou aenregistr\u00e9 aou afagn\u00e9 zobili<\/h2>\n\n\n\n<p>Mtrou oumabiya oumoina avoulichi\u00e9 ts\u00e9na yi hadissi yountsipiya, dr\u00e9 yihadissi yil\u00e9 yiliyo na zi trogo azienregistr\u00e9. Machoira yamayili&nbsp;:<br>-moina assivoulichia yi hadissi, dr\u00e9 li sanameu laoumoina assomao, assilbamba, atsojouoi ayienregistr\u00e9 n\u00e9ka assitsaha hari moitablette, vavo atsobamba yi bouton bleu.<br>-moina assienregistr\u00e9 yihadissi yah\u00e9 yvo ayivoulichi\u00e9, n\u00e9ka assi tsaha yi baki hari moiyi tablette. Atso yipara hari moi\u00e9cran, oujou, koumini, mkabala oi&nbsp;\u00ab&nbsp;histoires enregistr\u00e9es&nbsp;\u00bb, vavo atso chidra ayivoulichi\u00e9 koula oikati atsahao<\/p>\n\n\n\n<p>Hdissi moja ouchidro enregitroi maragn\u00e9gui, mtrou oupara mikabala vouliyo trogos dzitro.<\/p>\n<\/div><\/div>\n\n\n\n<div class=\"wp-block-advgb-accordion-item advgb-accordion-item accordeon-histoires\" style=\"margin-bottom:15px\"><div class=\"advgb-accordion-header\" style=\"background-color:#2196f3;color:#eee;border-style:dotted;border-radius:2px\"><span class=\"advgb-accordion-header-icon\"><svg fill=\"#fff\" xmlns=\"http:\/\/www.w3.org\/2000\/svg\" width=\"24\" height=\"24\" viewbox=\"0 0 24 24\"><path fill=\"none\" d=\"M0,0h24v24H0V0z\"><\/path><path d=\"M12,2C6.48,2,2,6.48,2,12s4.48,10,10,10s10-4.48,10-10S17.52,2,12,2z M17,13h-4v4h-2v-4H7v-2h4V7h2v4h4V13z\"><\/path><\/svg><\/span><h4 class=\"advgb-accordion-header-title\" style=\"color:inherit\">Histoires<\/h4><\/div><div class=\"advgb-accordion-body\" style=\"border-style:dotted !important;border-color:undefined !important;border-top:none !important;border-radius:2px !important\"><ul class=\"wp-block-latest-posts__list is-grid columns-3 wp-block-latest-posts\"><li><div class=\"wp-block-latest-posts__featured-image\"><img loading=\"lazy\" decoding=\"async\" width=\"150\" height=\"150\" src=\"https:\/\/machine-a-lire.blog.ac-lyon.fr\/wordpress\/wp-content\/uploads\/2020\/05\/\u00c9pouvantail-voyageur-150x150.jpg\" class=\"attachment-thumbnail size-thumbnail wp-post-image\" alt=\"\" style=\"\" \/><\/div><a class=\"wp-block-latest-posts__post-title\" href=\"https:\/\/machine-a-lire.blog.ac-lyon.fr\/wordpress\/shikomori\/01-lepouvantail-voyageur-shikomori\/\">01. L&rsquo;\u00e9pouvantail voyageur (shikomori)<\/a><div class=\"wp-block-latest-posts__post-excerpt\">mouiri oupidrissioi maouri moinadamou, msafiri<\/div><\/li>\n<li><div class=\"wp-block-latest-posts__featured-image\"><img loading=\"lazy\" decoding=\"async\" width=\"150\" height=\"150\" src=\"https:\/\/machine-a-lire.blog.ac-lyon.fr\/wordpress\/wp-content\/uploads\/2020\/05\/Reve-vendu-150x150.jpg\" class=\"attachment-thumbnail size-thumbnail wp-post-image\" alt=\"\" style=\"\" \/><\/div><a class=\"wp-block-latest-posts__post-title\" href=\"https:\/\/machine-a-lire.blog.ac-lyon.fr\/wordpress\/shikomori\/02-le-reve-vendu-shikomori\/\">02. Le r\u00eave vendu (shikomori)<\/a><div class=\"wp-block-latest-posts__post-excerpt\">Trogo yaoroi, yaoudzioi<\/div><\/li>\n<li><div class=\"wp-block-latest-posts__featured-image\"><img loading=\"lazy\" decoding=\"async\" width=\"150\" height=\"150\" src=\"https:\/\/machine-a-lire.blog.ac-lyon.fr\/wordpress\/wp-content\/uploads\/2020\/05\/Accus\u00e9e-levez-vous-150x150.jpg\" class=\"attachment-thumbnail size-thumbnail wp-post-image\" alt=\"\" style=\"\" \/><\/div><a class=\"wp-block-latest-posts__post-title\" href=\"https:\/\/machine-a-lire.blog.ac-lyon.fr\/wordpress\/shikomori\/03-accusee-levez-vous-shikomori\/\">03. Accus\u00e9e, levez-vous ! (shikomori)<\/a><div class=\"wp-block-latest-posts__post-excerpt\">Oiou\u00e9oichitaquioi yma !<\/div><\/li>\n<li><div class=\"wp-block-latest-posts__featured-image\"><img loading=\"lazy\" decoding=\"async\" width=\"150\" height=\"150\" src=\"https:\/\/machine-a-lire.blog.ac-lyon.fr\/wordpress\/wp-content\/uploads\/2020\/05\/Aventures-au-sommet-dun-arbre-150x150.jpg\" class=\"attachment-thumbnail size-thumbnail wp-post-image\" alt=\"\" style=\"\" \/><\/div><a class=\"wp-block-latest-posts__post-title\" href=\"https:\/\/machine-a-lire.blog.ac-lyon.fr\/wordpress\/shikomori\/04-aventures-au-sommet-dun-arbre-shikomori\/\">04. Aventures au sommet d&rsquo;un arbre (shikomori)<\/a><div class=\"wp-block-latest-posts__post-excerpt\">Trogos zahidjiri oujou oi mouiri<\/div><\/li>\n<li><div class=\"wp-block-latest-posts__featured-image\"><img loading=\"lazy\" decoding=\"async\" width=\"150\" height=\"150\" src=\"https:\/\/machine-a-lire.blog.ac-lyon.fr\/wordpress\/wp-content\/uploads\/2020\/05\/Le-koala-150x150.jpg\" class=\"attachment-thumbnail size-thumbnail wp-post-image\" alt=\"\" style=\"\" \/><\/div><a class=\"wp-block-latest-posts__post-title\" href=\"https:\/\/machine-a-lire.blog.ac-lyon.fr\/wordpress\/shikomori\/05-le-koala-shikomori\/\">05. Le koala (shikomori)<\/a><div class=\"wp-block-latest-posts__post-excerpt\">Y koala<\/div><\/li>\n<li><div class=\"wp-block-latest-posts__featured-image\"><img loading=\"lazy\" decoding=\"async\" width=\"150\" height=\"150\" src=\"https:\/\/machine-a-lire.blog.ac-lyon.fr\/wordpress\/wp-content\/uploads\/2020\/05\/Le-li\u00e8vre-et-le-Grand-G\u00e9nie-de-la-brousse-1-150x150.jpg\" class=\"attachment-thumbnail size-thumbnail wp-post-image\" alt=\"\" style=\"\" \/><\/div><a class=\"wp-block-latest-posts__post-title\" href=\"https:\/\/machine-a-lire.blog.ac-lyon.fr\/wordpress\/shikomori\/06-le-lievre-et-le-grand-genie-de-la-brousse-shikomori\/\">06. Le li\u00e8vre et le Grand G\u00e9nie de la brousse (shikomori)<\/a><div class=\"wp-block-latest-posts__post-excerpt\">Lievre na Djini Driboivou la matsahani<\/div><\/li>\n<li><div class=\"wp-block-latest-posts__featured-image\"><img loading=\"lazy\" decoding=\"async\" width=\"150\" height=\"150\" src=\"https:\/\/machine-a-lire.blog.ac-lyon.fr\/wordpress\/wp-content\/uploads\/2020\/05\/Les-singes-et-la-s\u00e9cheresse-150x150.jpg\" class=\"attachment-thumbnail size-thumbnail wp-post-image\" alt=\"\" style=\"\" \/><\/div><a class=\"wp-block-latest-posts__post-title\" href=\"https:\/\/machine-a-lire.blog.ac-lyon.fr\/wordpress\/shikomori\/07-les-singes-et-la-secheresse-shikomori\/\">07. Les singes et la s\u00e9cheresse (shikomori)<\/a><div class=\"wp-block-latest-posts__post-excerpt\">Madjaqu\u00e9s nachpandr\u00e9 chantsi chahaya maji<\/div><\/li>\n<li><a class=\"wp-block-latest-posts__post-title\" href=\"https:\/\/machine-a-lire.blog.ac-lyon.fr\/wordpress\/shikomori\/08-monsieur-pou-demenage-shikomori\/\">08. Monsieur Pou d\u00e9m\u00e9nage (shikomori)<\/a><div class=\"wp-block-latest-posts__post-excerpt\">Meuign\u00e9 Dra assibouzoudza gnoba<\/div><\/li>\n<li><div class=\"wp-block-latest-posts__featured-image\"><img loading=\"lazy\" decoding=\"async\" width=\"150\" height=\"150\" src=\"https:\/\/machine-a-lire.blog.ac-lyon.fr\/wordpress\/wp-content\/uploads\/2020\/05\/Pitane-ne-saime-pas-150x150.jpg\" class=\"attachment-thumbnail size-thumbnail wp-post-image\" alt=\"\" style=\"\" \/><\/div><a class=\"wp-block-latest-posts__post-title\" href=\"https:\/\/machine-a-lire.blog.ac-lyon.fr\/wordpress\/shikomori\/09-pitane-ne-saime-pas-shikomori\/\">09. Pitane ne s&rsquo;aime pas (shikomori)<\/a><div class=\"wp-block-latest-posts__post-excerpt\">Pitane kaguivindzer<\/div><\/li>\n<li><div class=\"wp-block-latest-posts__featured-image\"><img loading=\"lazy\" decoding=\"async\" width=\"150\" height=\"150\" src=\"https:\/\/machine-a-lire.blog.ac-lyon.fr\/wordpress\/wp-content\/uploads\/2020\/05\/La-tour-Eiffel-150x150.jpg\" class=\"attachment-thumbnail size-thumbnail wp-post-image\" alt=\"\" style=\"\" \/><\/div><a class=\"wp-block-latest-posts__post-title\" href=\"https:\/\/machine-a-lire.blog.ac-lyon.fr\/wordpress\/shikomori\/10-la-tour-eiffel-shikomori\/\">10. La tour Eiffel (shikomori)<\/a><div class=\"wp-block-latest-posts__post-excerpt\">Tour Eiffel<\/div><\/li>\n<li><div class=\"wp-block-latest-posts__featured-image\"><img loading=\"lazy\" decoding=\"async\" width=\"150\" height=\"150\" src=\"https:\/\/machine-a-lire.blog.ac-lyon.fr\/wordpress\/wp-content\/uploads\/2020\/05\/jardine-en-tamusant-150x150.jpg\" class=\"attachment-thumbnail size-thumbnail wp-post-image\" alt=\"\" style=\"\" \/><\/div><a class=\"wp-block-latest-posts__post-title\" href=\"https:\/\/machine-a-lire.blog.ac-lyon.fr\/wordpress\/shikomori\/11-jardine-en-tamusant-shikomori\/\">11. Jardine en t&rsquo;amusant (shikomori)<\/a><div class=\"wp-block-latest-posts__post-excerpt\">Fagna zitrogos zajardin, nahou angodza<\/div><\/li>\n<li><a class=\"wp-block-latest-posts__post-title\" href=\"https:\/\/machine-a-lire.blog.ac-lyon.fr\/wordpress\/shikomori\/12-lescargot-shikomori\/\">12. L&rsquo;escargot (shikomori)<\/a><div class=\"wp-block-latest-posts__post-excerpt\">Kooi<\/div><\/li>\n<li><a class=\"wp-block-latest-posts__post-title\" href=\"https:\/\/machine-a-lire.blog.ac-lyon.fr\/wordpress\/shikomori\/13-les-haricots-verts-de-timeo-shikomori\/\">13. Les haricots verts de Tim\u00e9o (shikomori)<\/a><div class=\"wp-block-latest-posts__post-excerpt\">Haricotsverts za Tim\u00e9o<\/div><\/li>\n<li><div class=\"wp-block-latest-posts__featured-image\"><img loading=\"lazy\" decoding=\"async\" width=\"150\" height=\"150\" src=\"https:\/\/machine-a-lire.blog.ac-lyon.fr\/wordpress\/wp-content\/uploads\/2020\/05\/sara-a-toujours-une-solution-150x150.jpg\" class=\"attachment-thumbnail size-thumbnail wp-post-image\" alt=\"\" style=\"\" \/><\/div><a class=\"wp-block-latest-posts__post-title\" href=\"https:\/\/machine-a-lire.blog.ac-lyon.fr\/wordpress\/shikomori\/14-sara-a-toujours-une-solution-shikomori\/\">14. Sara a toujours une solution (shikomori)<\/a><div class=\"wp-block-latest-posts__post-excerpt\">Sara oupara djoibou ayina trogo<\/div><\/li>\n<\/ul><\/div><\/div>\n<\/div>\n","protected":false},"excerpt":{"rendered":"<p>Moina oignou a tsopara a voulichi\u00e9 roudi assom\u00e9 zi trou zaguiya&nbsp;; atsojouoi adji enrigistr\u00e9.rissi mou\u00e9l\u00e9dzani, dr\u00e9 zinou riztafoussuri&nbsp;: vavo mou tso shidra moumsaydiy\u00e9. Ri tafoussuri oijaou mkabala oizi trogo assoma zi trogo moutsojouoio momdziss\u00e9. Vavo, mtsochidra na oumoina mouroumiy\u00e9 yi&#8230; <a class=\"more-link\" href=\"https:\/\/machine-a-lire.blog.ac-lyon.fr\/wordpress\/zdj\/\">Lire la suite &rarr;<\/a><\/p>\n","protected":false},"author":5,"featured_media":313,"parent":0,"menu_order":0,"comment_status":"closed","ping_status":"closed","template":"","meta":{"advgb_blocks_editor_width":"","advgb_blocks_columns_visual_guide":"","footnotes":""},"class_list":["post-327","page","type-page","status-publish","has-post-thumbnail","hentry"],"coauthors":[],"author_meta":{"author_link":"https:\/\/machine-a-lire.blog.ac-lyon.fr\/wordpress\/author\/daneblog\/","display_name":"Webmestre acad\u00e9mique"},"relative_dates":{"created":"Publi\u00e9 6 ans il y a","modified":"Mis \u00e0 jour 6 ans il y a"},"absolute_dates":{"created":"Publi\u00e9 le 7 mai 2020","modified":"Mise \u00e0 jour le 29 mai 2020"},"absolute_dates_time":{"created":"Publi\u00e9 le 7 mai 2020 16 h 59 min","modified":"Mise \u00e0 jour le 29 mai 2020 10 h 17 min"},"featured_img_caption":"","featured_img":"https:\/\/machine-a-lire.blog.ac-lyon.fr\/wordpress\/wp-content\/uploads\/2020\/05\/Logo-MAL-CP.jpg","series_order":"","_links":{"self":[{"href":"https:\/\/machine-a-lire.blog.ac-lyon.fr\/wordpress\/wp-json\/wp\/v2\/pages\/327","targetHints":{"allow":["GET"]}}],"collection":[{"href":"https:\/\/machine-a-lire.blog.ac-lyon.fr\/wordpress\/wp-json\/wp\/v2\/pages"}],"about":[{"href":"https:\/\/machine-a-lire.blog.ac-lyon.fr\/wordpress\/wp-json\/wp\/v2\/types\/page"}],"author":[{"embeddable":true,"href":"https:\/\/machine-a-lire.blog.ac-lyon.fr\/wordpress\/wp-json\/wp\/v2\/users\/5"}],"replies":[{"embeddable":true,"href":"https:\/\/machine-a-lire.blog.ac-lyon.fr\/wordpress\/wp-json\/wp\/v2\/comments?post=327"}],"version-history":[{"count":5,"href":"https:\/\/machine-a-lire.blog.ac-lyon.fr\/wordpress\/wp-json\/wp\/v2\/pages\/327\/revisions"}],"predecessor-version":[{"id":1339,"href":"https:\/\/machine-a-lire.blog.ac-lyon.fr\/wordpress\/wp-json\/wp\/v2\/pages\/327\/revisions\/1339"}],"wp:featuredmedia":[{"embeddable":true,"href":"https:\/\/machine-a-lire.blog.ac-lyon.fr\/wordpress\/wp-json\/wp\/v2\/media\/313"}],"wp:attachment":[{"href":"https:\/\/machine-a-lire.blog.ac-lyon.fr\/wordpress\/wp-json\/wp\/v2\/media?parent=327"}],"curies":[{"name":"wp","href":"https:\/\/api.w.org\/{rel}","templated":true}]}}